{"id":10,"date":"2016-01-31T20:46:54","date_gmt":"2016-01-31T19:46:54","guid":{"rendered":"http:\/\/acinu.net\/?page_id=10"},"modified":"2017-04-26T21:02:09","modified_gmt":"2017-04-26T20:02:09","slug":"alice-statham","status":"publish","type":"page","link":"https:\/\/acinu.net\/?page_id=10","title":{"rendered":"Alice Statham"},"content":{"rendered":"<p>Sekte: Camarilla<br \/>\nClan: Toreador<br \/>\nGeneration: 13<br \/>\nSire: <a href=\"http:\/\/acinu.net\/?page_id=135\" target=\"_blank\" rel=\"noopener noreferrer\">Louie Dupont<\/a><br \/>\nTodestag: 18.7.2014<br \/>\nSieht aus wie: 29<br \/>\nChilds:<br \/>\nGhule:<br \/>\nKl\u00fcngl: <a href=\"http:\/\/acinu.net\/?page_id=125\" target=\"_blank\" rel=\"noopener noreferrer\">Hell Bunnies<\/a><br \/>\nBlutband zu:<br \/>\nFeinde:<\/p>\n<p><span style=\"text-decoration: underline\">Beschreibung:<\/span><br \/>\nGeburtstag: 25.05.1985<br \/>\nGr\u00f6\u00dfe: 1,73<br \/>\nGewicht: 61 kg<br \/>\nStatur: zierlich<br \/>\nHaarfarbe: schwarz<br \/>\nAugenfarbe: eisblau<br \/>\nHautfarbe: wei\u00df<br \/>\nNationalit\u00e4t: USA<br \/>\nHauptwohnsitz: San Diego, Kalifornien<\/p>\n<p>Zitat: Das gef\u00e4llt mir nicht!<\/p>\n<p><span style=\"text-decoration: underline\"><strong>Charakterbeschreibung:<\/strong><\/span><\/p>\n<p>Alice wurde am 25.05.1985 in San Diego, Kalifornien geboren.<br \/>\nWenn man Sie jetzt ansieht, sieht man eine 1,73 m gro\u00dfe zierliche Frau mit 61 kg, eisblauen Augen und langen schwarzen Haaren.<\/p>\n<p>Alice liebt Kunst und ihre Vielfalt. Zeichnen ist eines ihrer Hobbys und deshalb hat sie es auf ihre Art und Weise zum Beruf gemacht. Sie hat in einem bekannten Tattoo Studio gelernt und besitzt inzwischen ein eigenes kleines aber feines Studio. Sie liebt es ihren eigenen K\u00f6rper k\u00fcnstlerisch versch\u00f6nern zu lassen und anderen mit kreativen Tattoos den K\u00f6rper zu verzieren.<\/p>\n<p>Sie wohnt gleich dar\u00fcber in einer WG mit ihren Freundinnen <a href=\"http:\/\/acinu.net\/?page_id=101\" target=\"_blank\" rel=\"noopener noreferrer\">Esme<\/a>, <a href=\"http:\/\/acinu.net\/?page_id=13\" target=\"_blank\" rel=\"noopener noreferrer\">Sonam<\/a> und <a href=\"http:\/\/acinu.net\/?page_id=256\"> Rosalie<\/a>. Und nicht zu vergessen ihrem kleinen besten Freund Alistair!! Alistair ist ihr kleiner irischer Wolfshundwelpe, den sie sich erst vor ein paar Wochen zugelegt hat.<\/p>\n<p>Am 18.07.2014 war ihr Todestag und ihr neues Leben als Toreador begann. Ihr Sire ist <a href=\"http:\/\/acinu.net\/?page_id=135\" target=\"_blank\" rel=\"noopener noreferrer\">Louie Dupont<\/a>, mit dem sie eine sehr enge Beziehung f\u00fchrt.<br \/>\nZusammen mit ihren Freundinnen geh\u00f6rt sie zu dem Camarilla Kl\u00fcngel \u201e<a href=\"http:\/\/acinu.net\/?page_id=125\" target=\"_blank\" rel=\"noopener noreferrer\">Hell Bunnies<\/a>\u201c.<br \/>\nSie wird von den anderen oft als &#8222;Tussi&#8220; bezeichnet, weil sie die Worte &#8222;Das gef\u00e4llt mir nicht!&#8220; des \u00f6fteren in den Mund nimmt.<\/p>\n","protected":false},"excerpt":{"rendered":"<p>Sekte: Camarilla Clan: Toreador Generation: 13 Sire: Louie Dupont Todestag: 18.7.2014 Sieht aus wie: 29 Childs: Ghule: Kl\u00fcngl: Hell Bunnies Blutband zu: Feinde: Beschreibung: Geburtstag: 25.05.1985 Gr\u00f6\u00dfe: 1,73 Gewicht: 61 kg Statur: zierlich Haarfarbe: schwarz Augenfarbe: eisblau Hautfarbe: wei\u00df Nationalit\u00e4t: USA Hauptwohnsitz: San Diego, Kalifornien Zitat: Das gef\u00e4llt mir nicht! Charakterbeschreibung: Alice wurde am 25.05.1985 &hellip; <a href=\"https:\/\/acinu.net\/?page_id=10\" class=\"more-link\"><span class=\"screen-reader-text\">&#8222;Alice Statham&#8220; <\/span>weiterlesen<\/a><\/p>\n","protected":false},"author":3,"featured_media":11,"parent":125,"menu_order":0,"comment_status":"closed","ping_status":"closed","template":"","meta":{"footnotes":""},"_links":{"self":[{"href":"https:\/\/acinu.net\/index.php?rest_route=\/wp\/v2\/pages\/10"}],"collection":[{"href":"https:\/\/acinu.net\/index.php?rest_route=\/wp\/v2\/pages"}],"about":[{"href":"https:\/\/acinu.net\/index.php?rest_route=\/wp\/v2\/types\/page"}],"author":[{"embeddable":true,"href":"https:\/\/acinu.net\/index.php?rest_route=\/wp\/v2\/users\/3"}],"replies":[{"embeddable":true,"href":"https:\/\/acinu.net\/index.php?rest_route=%2Fwp%2Fv2%2Fcomments&post=10"}],"version-history":[{"count":29,"href":"https:\/\/acinu.net\/index.php?rest_route=\/wp\/v2\/pages\/10\/revisions"}],"predecessor-version":[{"id":462,"href":"https:\/\/acinu.net\/index.php?rest_route=\/wp\/v2\/pages\/10\/revisions\/462"}],"up":[{"embeddable":true,"href":"https:\/\/acinu.net\/index.php?rest_route=\/wp\/v2\/pages\/125"}],"wp:featuredmedia":[{"embeddable":true,"href":"https:\/\/acinu.net\/index.php?rest_route=\/wp\/v2\/media\/11"}],"wp:attachment":[{"href":"https:\/\/acinu.net\/index.php?rest_route=%2Fwp%2Fv2%2Fmedia&parent=10"}],"curies":[{"name":"wp","href":"https:\/\/api.w.org\/{rel}","templated":true}]}}