{"id":101,"date":"2016-03-22T23:07:14","date_gmt":"2016-03-22T22:07:14","guid":{"rendered":"http:\/\/acinu.net\/?page_id=101"},"modified":"2017-04-27T18:52:05","modified_gmt":"2017-04-27T17:52:05","slug":"esme","status":"publish","type":"page","link":"https:\/\/acinu.net\/?page_id=101","title":{"rendered":"Esme Suri"},"content":{"rendered":"<p>Sekte: Camarilla<br \/>\nClan: Brujah<br \/>\nGeneration: 13<br \/>\nSire: <a href=\"http:\/\/acinu.net\/?page_id=137\" target=\"_blank\" rel=\"noopener noreferrer\">Bruce Calham<\/a><br \/>\nTodestag: 18.7.2014<br \/>\nSieht aus wie: 34<br \/>\nChilds:<br \/>\nGhule:<br \/>\nKl\u00fcngl:\u00a0<a href=\"http:\/\/acinu.net\/?page_id=125\" target=\"_blank\" rel=\"noopener noreferrer\">Hell Bunnies<\/a><br \/>\nBlutband zu:<br \/>\nFeinde:<\/p>\n<p><strong><span style=\"text-decoration: underline\">Beschreibung:<\/span><\/strong><br \/>\nGeburtstag: 7.5.1984<br \/>\nGr\u00f6\u00dfe: 1,80<br \/>\nGewicht: 70<br \/>\nStatur: sportlich<br \/>\nHaarfarbe: feuerrot<br \/>\nAugenfarbe: smaragdgr\u00fcn<br \/>\nHautfarbe: wei\u00df<br \/>\nNationalit\u00e4t: USA<br \/>\nHauptwohnsitz: San Diego, Kalifornien<\/p>\n<p>Zitat:<\/p>\n<p><strong><span style=\"text-decoration: underline\">Charakterbeschreibung:<\/span><\/strong><\/p>\n<p>Esme hat am 07.05.1984 in San Diego, Kalifornien, das Licht der Welt erblickt.<br \/>\nInzwischen ist sie 30 Jahre alt und zu einer sportlichen Frau mit einer Gr\u00f6\u00dfe von 1,80 und einem Gewicht von 70 kg herangewachsen. Man kann sie Aufgrund ihrer feuerroten langen Haare, die durch ihre blasse Haut und die smaragdgr\u00fcnen Augen stark zur Geltung kommen, kaum in der Menge \u00fcbersehen.<\/p>\n<p>Schon als Kind hat sie immer gerne Fotos von allen m\u00f6glichen Situationen und Gegenst\u00e4nden gemacht und alles genauestens dokumentiert \u2013 deshalb wundert es niemanden, dass sie heute eine renommierte Fotografin und Reporterin ist.<\/p>\n<p>Zu Hause ist sie noch immer an der Mexikanischen Grenze im sch\u00f6nen San Diego, wo Sie mit ihren<br \/>\nbesten Freundinnen eine sch\u00f6ne gro\u00dfe Wohnung im Herzen der Stadt bewohnt.<\/p>\n<p>Ihr Todestag war am 18.07.2014, wo ihr neues Leben als Brujah begann. Ihr Sire ist <a href=\"http:\/\/acinu.net\/?page_id=137\" target=\"_blank\" rel=\"noopener noreferrer\">Bruce Calham<\/a>, mit dem sie sich gerne \u00fcber Bikes unterh\u00e4lt und sich mit den Worten \u201eLet`s ride Baby\u201c auch gern auf eine Tour einl\u00e4sst.Auch ihr Bruder <a href=\"http:\/\/acinu.net\/?page_id=159\" target=\"_blank\" rel=\"noopener noreferrer\">Snowball<\/a> ist gerne bei einer kleinen Tour dabei, wenn er sich gerade in der Stadt befindet.<\/p>\n<p>Zusammen mit ihren Freundinnen geh\u00f6rt sie zu dem Camarilla-Kl\u00fcngel \u201e<a href=\"http:\/\/acinu.net\/?page_id=125\" target=\"_blank\" rel=\"noopener noreferrer\">Hell Bunnies<\/a>\u201c.<\/p>\n","protected":false},"excerpt":{"rendered":"<p>Sekte: Camarilla Clan: Brujah Generation: 13 Sire: Bruce Calham Todestag: 18.7.2014 Sieht aus wie: 34 Childs: Ghule: Kl\u00fcngl:\u00a0Hell Bunnies Blutband zu: Feinde: Beschreibung: Geburtstag: 7.5.1984 Gr\u00f6\u00dfe: 1,80 Gewicht: 70 Statur: sportlich Haarfarbe: feuerrot Augenfarbe: smaragdgr\u00fcn Hautfarbe: wei\u00df Nationalit\u00e4t: USA Hauptwohnsitz: San Diego, Kalifornien Zitat: Charakterbeschreibung: Esme hat am 07.05.1984 in San Diego, Kalifornien, das Licht &hellip; <a href=\"https:\/\/acinu.net\/?page_id=101\" class=\"more-link\"><span class=\"screen-reader-text\">&#8222;Esme Suri&#8220; <\/span>weiterlesen<\/a><\/p>\n","protected":false},"author":5,"featured_media":103,"parent":125,"menu_order":0,"comment_status":"closed","ping_status":"closed","template":"","meta":{"footnotes":""},"_links":{"self":[{"href":"https:\/\/acinu.net\/index.php?rest_route=\/wp\/v2\/pages\/101"}],"collection":[{"href":"https:\/\/acinu.net\/index.php?rest_route=\/wp\/v2\/pages"}],"about":[{"href":"https:\/\/acinu.net\/index.php?rest_route=\/wp\/v2\/types\/page"}],"author":[{"embeddable":true,"href":"https:\/\/acinu.net\/index.php?rest_route=\/wp\/v2\/users\/5"}],"replies":[{"embeddable":true,"href":"https:\/\/acinu.net\/index.php?rest_route=%2Fwp%2Fv2%2Fcomments&post=101"}],"version-history":[{"count":15,"href":"https:\/\/acinu.net\/index.php?rest_route=\/wp\/v2\/pages\/101\/revisions"}],"predecessor-version":[{"id":469,"href":"https:\/\/acinu.net\/index.php?rest_route=\/wp\/v2\/pages\/101\/revisions\/469"}],"up":[{"embeddable":true,"href":"https:\/\/acinu.net\/index.php?rest_route=\/wp\/v2\/pages\/125"}],"wp:featuredmedia":[{"embeddable":true,"href":"https:\/\/acinu.net\/index.php?rest_route=\/wp\/v2\/media\/103"}],"wp:attachment":[{"href":"https:\/\/acinu.net\/index.php?rest_route=%2Fwp%2Fv2%2Fmedia&parent=101"}],"curies":[{"name":"wp","href":"https:\/\/api.w.org\/{rel}","templated":true}]}}