{"id":109,"date":"2016-03-23T22:11:46","date_gmt":"2016-03-23T21:11:46","guid":{"rendered":"http:\/\/acinu.net\/?page_id=109"},"modified":"2016-12-10T23:52:57","modified_gmt":"2016-12-10T22:52:57","slug":"jerome-hower","status":"publish","type":"page","link":"https:\/\/acinu.net\/?page_id=109","title":{"rendered":"Jerome Hower"},"content":{"rendered":"<h1>Name: Jerome Hower<\/h1>\n<p>Sekte: Camarilla<br \/>\nClan: Tremere<br \/>\nGeneration: 12<br \/>\nSire:<br \/>\nTodestag:<br \/>\nSieht aus wie: Anfang drei\u00dfig<br \/>\nKl\u00fcngl: Broken shiver<br \/>\n<br \/>\n<\/p>\n<p><span style=\"text-decoration: underline;\">Beschreibung:<\/span><br \/>\nGr\u00f6\u00dfe:<br \/>\nGewicht: 1,77 m<br \/>\nHaarfarbe: Platinblond<br \/>\nAugenfarbe: blau<br \/>\nHautfarbe: wei\u00df<br \/>\nNationalit\u00e4t:<br \/>\nHauptwohnsitz: San Diego, Kalifornien<\/p>\n<p><br \/>\n<\/p>\n","protected":false},"excerpt":{"rendered":"<p>Name: Jerome Hower Sekte: Camarilla Clan: Tremere Generation: 12 Sire: Todestag: Sieht aus wie: Anfang drei\u00dfig Kl\u00fcngl: Broken shiver Beschreibung: Gr\u00f6\u00dfe: Gewicht: 1,77 m Haarfarbe: Platinblond Augenfarbe: blau Hautfarbe: wei\u00df Nationalit\u00e4t: Hauptwohnsitz: San Diego, Kalifornien<\/p>\n","protected":false},"author":2,"featured_media":114,"parent":107,"menu_order":0,"comment_status":"closed","ping_status":"closed","template":"","meta":{"footnotes":""},"_links":{"self":[{"href":"https:\/\/acinu.net\/index.php?rest_route=\/wp\/v2\/pages\/109"}],"collection":[{"href":"https:\/\/acinu.net\/index.php?rest_route=\/wp\/v2\/pages"}],"about":[{"href":"https:\/\/acinu.net\/index.php?rest_route=\/wp\/v2\/types\/page"}],"author":[{"embeddable":true,"href":"https:\/\/acinu.net\/index.php?rest_route=\/wp\/v2\/users\/2"}],"replies":[{"embeddable":true,"href":"https:\/\/acinu.net\/index.php?rest_route=%2Fwp%2Fv2%2Fcomments&post=109"}],"version-history":[{"count":7,"href":"https:\/\/acinu.net\/index.php?rest_route=\/wp\/v2\/pages\/109\/revisions"}],"predecessor-version":[{"id":408,"href":"https:\/\/acinu.net\/index.php?rest_route=\/wp\/v2\/pages\/109\/revisions\/408"}],"up":[{"embeddable":true,"href":"https:\/\/acinu.net\/index.php?rest_route=\/wp\/v2\/pages\/107"}],"wp:featuredmedia":[{"embeddable":true,"href":"https:\/\/acinu.net\/index.php?rest_route=\/wp\/v2\/media\/114"}],"wp:attachment":[{"href":"https:\/\/acinu.net\/index.php?rest_route=%2Fwp%2Fv2%2Fmedia&parent=109"}],"curies":[{"name":"wp","href":"https:\/\/api.w.org\/{rel}","templated":true}]}}