{"id":13,"date":"2016-01-31T20:48:51","date_gmt":"2016-01-31T19:48:51","guid":{"rendered":"http:\/\/acinu.net\/?page_id=13"},"modified":"2016-05-30T11:14:27","modified_gmt":"2016-05-30T10:14:27","slug":"sonam","status":"publish","type":"page","link":"https:\/\/acinu.net\/?page_id=13","title":{"rendered":"Sonam Chime"},"content":{"rendered":"<p>Sekte: Camarilla<br \/>\nClan: Malkavianer<br \/>\nGeneration: 13<br \/>\nSire: <a href=\"http:\/\/acinu.net\/?page_id=22\" target=\"_blank\">Tinkerbell<\/a><br \/>\nTodestag: 18.7.2014<br \/>\nSieht aus wie:\u00a032<br \/>\nChilds:<br \/>\nGhule:<br \/>\nKl\u00fcngl: <a href=\"http:\/\/acinu.net\/?page_id=125\" target=\"_blank\">Hell Bunnies<\/a><br \/>\nBlutband zu:<br \/>\nFeinde:<\/p>\n<p><strong><span style=\"text-decoration: underline;\">Beschreibung:<\/span><\/strong><br \/>\nGeburtstag: 31.10.1982<br \/>\nGr\u00f6\u00dfe: 1,58<br \/>\nGewicht: 52<br \/>\nStatur: sehr zierlich<br \/>\nHaarfarbe: schwarz<br \/>\nAugenfarbe: dunkelbraun<br \/>\nHautfarbe: asiatisch<br \/>\nNationalit\u00e4t: USA, Tibet<br \/>\nHauptwohnsitz: San Diego, Kalifornien<\/p>\n","protected":false},"excerpt":{"rendered":"<p>Sekte: Camarilla Clan: Malkavianer Generation: 13 Sire: Tinkerbell Todestag: 18.7.2014 Sieht aus wie:\u00a032 Childs: Ghule: Kl\u00fcngl: Hell Bunnies Blutband zu: Feinde: Beschreibung: Geburtstag: 31.10.1982 Gr\u00f6\u00dfe: 1,58 Gewicht: 52 Statur: sehr zierlich Haarfarbe: schwarz Augenfarbe: dunkelbraun Hautfarbe: asiatisch Nationalit\u00e4t: USA, Tibet Hauptwohnsitz: San Diego, Kalifornien<\/p>\n","protected":false},"author":4,"featured_media":14,"parent":125,"menu_order":0,"comment_status":"closed","ping_status":"closed","template":"","meta":{"footnotes":""},"_links":{"self":[{"href":"https:\/\/acinu.net\/index.php?rest_route=\/wp\/v2\/pages\/13"}],"collection":[{"href":"https:\/\/acinu.net\/index.php?rest_route=\/wp\/v2\/pages"}],"about":[{"href":"https:\/\/acinu.net\/index.php?rest_route=\/wp\/v2\/types\/page"}],"author":[{"embeddable":true,"href":"https:\/\/acinu.net\/index.php?rest_route=\/wp\/v2\/users\/4"}],"replies":[{"embeddable":true,"href":"https:\/\/acinu.net\/index.php?rest_route=%2Fwp%2Fv2%2Fcomments&post=13"}],"version-history":[{"count":10,"href":"https:\/\/acinu.net\/index.php?rest_route=\/wp\/v2\/pages\/13\/revisions"}],"predecessor-version":[{"id":294,"href":"https:\/\/acinu.net\/index.php?rest_route=\/wp\/v2\/pages\/13\/revisions\/294"}],"up":[{"embeddable":true,"href":"https:\/\/acinu.net\/index.php?rest_route=\/wp\/v2\/pages\/125"}],"wp:featuredmedia":[{"embeddable":true,"href":"https:\/\/acinu.net\/index.php?rest_route=\/wp\/v2\/media\/14"}],"wp:attachment":[{"href":"https:\/\/acinu.net\/index.php?rest_route=%2Fwp%2Fv2%2Fmedia&parent=13"}],"curies":[{"name":"wp","href":"https:\/\/api.w.org\/{rel}","templated":true}]}}