{"id":135,"date":"2016-03-26T17:21:16","date_gmt":"2016-03-26T16:21:16","guid":{"rendered":"http:\/\/acinu.net\/?page_id=135"},"modified":"2016-12-10T23:56:13","modified_gmt":"2016-12-10T22:56:13","slug":"louie-dupont","status":"publish","type":"page","link":"https:\/\/acinu.net\/?page_id=135","title":{"rendered":"Louie Dupont"},"content":{"rendered":"<p>Sekte: Camarilla<br \/>\nClan:&nbsp;Toreador<br \/>\nGeneration: 12<br \/>\nSire:<br \/>\nTodestag:<br \/>\nSieht aus wie: Anfang zwanzig<br \/>\nChilds: <a href=\"http:\/\/acinu.net\/?page_id=10\" target=\"_blank\">Alice Statham<\/a>, <a href=\"http:\/\/acinu.net\/?page_id=223\">Claire di Rois<\/a>, Adelheit Wolff<br \/>\nGhule:<br \/>\nKl\u00fcngl: <a href=\"http:\/\/acinu.net\/?page_id=135\" target=\"_blank\">Broken Shiver<\/a><br \/>\nBlutband zu:<br \/>\n<\/p>\n<p><strong><span style=\"text-decoration: underline;\">Beschreibung:<\/span><\/strong><br \/>\nGeburtstag:<br \/>\nGr\u00f6\u00dfe: 1,72 m<br \/>\nGewicht:<br \/>\nStatur:<br \/>\nHaarfarbe: schwarz<br \/>\nAugenfarbe: dunkelbraun<br \/>\nHautfarbe: s\u00fcdl\u00e4ndisch<br \/>\nNationalit\u00e4t: <br \/>\nHauptwohnsitz: San Diego<\/p>\n<p><br \/>\n<\/p>\n","protected":false},"excerpt":{"rendered":"<p>Sekte: Camarilla Clan:&nbsp;Toreador Generation: 12 Sire: Todestag: Sieht aus wie: Anfang zwanzig Childs: Alice Statham, Claire di Rois, Adelheit Wolff Ghule: Kl\u00fcngl: Broken Shiver Blutband zu: Beschreibung: Geburtstag: Gr\u00f6\u00dfe: 1,72 m Gewicht: Statur: Haarfarbe: schwarz Augenfarbe: dunkelbraun Hautfarbe: s\u00fcdl\u00e4ndisch Nationalit\u00e4t: Hauptwohnsitz: San Diego<\/p>\n","protected":false},"author":2,"featured_media":372,"parent":107,"menu_order":0,"comment_status":"closed","ping_status":"closed","template":"","meta":{"footnotes":""},"_links":{"self":[{"href":"https:\/\/acinu.net\/index.php?rest_route=\/wp\/v2\/pages\/135"}],"collection":[{"href":"https:\/\/acinu.net\/index.php?rest_route=\/wp\/v2\/pages"}],"about":[{"href":"https:\/\/acinu.net\/index.php?rest_route=\/wp\/v2\/types\/page"}],"author":[{"embeddable":true,"href":"https:\/\/acinu.net\/index.php?rest_route=\/wp\/v2\/users\/2"}],"replies":[{"embeddable":true,"href":"https:\/\/acinu.net\/index.php?rest_route=%2Fwp%2Fv2%2Fcomments&post=135"}],"version-history":[{"count":8,"href":"https:\/\/acinu.net\/index.php?rest_route=\/wp\/v2\/pages\/135\/revisions"}],"predecessor-version":[{"id":409,"href":"https:\/\/acinu.net\/index.php?rest_route=\/wp\/v2\/pages\/135\/revisions\/409"}],"up":[{"embeddable":true,"href":"https:\/\/acinu.net\/index.php?rest_route=\/wp\/v2\/pages\/107"}],"wp:featuredmedia":[{"embeddable":true,"href":"https:\/\/acinu.net\/index.php?rest_route=\/wp\/v2\/media\/372"}],"wp:attachment":[{"href":"https:\/\/acinu.net\/index.php?rest_route=%2Fwp%2Fv2%2Fmedia&parent=135"}],"curies":[{"name":"wp","href":"https:\/\/api.w.org\/{rel}","templated":true}]}}