{"id":137,"date":"2016-03-26T17:46:28","date_gmt":"2016-03-26T16:46:28","guid":{"rendered":"http:\/\/acinu.net\/?page_id=137"},"modified":"2016-12-10T23:45:24","modified_gmt":"2016-12-10T22:45:24","slug":"bruce-calham","status":"publish","type":"page","link":"https:\/\/acinu.net\/?page_id=137","title":{"rendered":"Bruce Calham"},"content":{"rendered":"<p>Sekte: Camarilla<br \/>\nClan:&nbsp;Bruhja<br \/>\nGeneration: 12<br \/>\nSire:<br \/>\nTodestag:<br \/>\nSieht aus wie:&nbsp;Anfang 30<br \/>\nChilds:&nbsp; <a href=\"http:\/\/acinu.net\/?page_id=101\" target=\"_blank\">Esme Suri<\/a>, <a href=\"http:\/\/acinu.net\/?page_id=159\">Snowball<\/a><br \/>\nGhule:<br \/>\nKl\u00fcngl:&nbsp;<a href=\"http:\/\/acinu.net\/?page_id=107\" target=\"_blank\">Broken Shiver<\/a><br \/>\n<br \/>\n<\/p>\n<p><strong><span style=\"text-decoration: underline;\">Beschreibung:<\/span><\/strong><br \/>\nGeburtstag:<br \/>\nGr\u00f6\u00dfe: 1,89 m<br \/>\nGewicht:<br \/>\nStatur: muskul\u00f6s<br \/>\nHaarfarbe: braun<br \/>\nAugenfarbe: braun<br \/>\nHautfarbe: wei\u00df<br \/>\nNationalit\u00e4t: USA<br \/>\nHauptwohnsitz: San Diego, Kalifornien<\/p>\n<p>Zitat: Hey Babe!<\/p>\n<p><br \/>\n<\/p>\n","protected":false},"excerpt":{"rendered":"<p>Sekte: Camarilla Clan:&nbsp;Bruhja Generation: 12 Sire: Todestag: Sieht aus wie:&nbsp;Anfang 30 Childs:&nbsp; Esme Suri, Snowball Ghule: Kl\u00fcngl:&nbsp;Broken Shiver Beschreibung: Geburtstag: Gr\u00f6\u00dfe: 1,89 m Gewicht: Statur: muskul\u00f6s Haarfarbe: braun Augenfarbe: braun Hautfarbe: wei\u00df Nationalit\u00e4t: USA Hauptwohnsitz: San Diego, Kalifornien Zitat: Hey Babe!<\/p>\n","protected":false},"author":2,"featured_media":370,"parent":107,"menu_order":0,"comment_status":"closed","ping_status":"closed","template":"","meta":{"footnotes":""},"_links":{"self":[{"href":"https:\/\/acinu.net\/index.php?rest_route=\/wp\/v2\/pages\/137"}],"collection":[{"href":"https:\/\/acinu.net\/index.php?rest_route=\/wp\/v2\/pages"}],"about":[{"href":"https:\/\/acinu.net\/index.php?rest_route=\/wp\/v2\/types\/page"}],"author":[{"embeddable":true,"href":"https:\/\/acinu.net\/index.php?rest_route=\/wp\/v2\/users\/2"}],"replies":[{"embeddable":true,"href":"https:\/\/acinu.net\/index.php?rest_route=%2Fwp%2Fv2%2Fcomments&post=137"}],"version-history":[{"count":11,"href":"https:\/\/acinu.net\/index.php?rest_route=\/wp\/v2\/pages\/137\/revisions"}],"predecessor-version":[{"id":406,"href":"https:\/\/acinu.net\/index.php?rest_route=\/wp\/v2\/pages\/137\/revisions\/406"}],"up":[{"embeddable":true,"href":"https:\/\/acinu.net\/index.php?rest_route=\/wp\/v2\/pages\/107"}],"wp:featuredmedia":[{"embeddable":true,"href":"https:\/\/acinu.net\/index.php?rest_route=\/wp\/v2\/media\/370"}],"wp:attachment":[{"href":"https:\/\/acinu.net\/index.php?rest_route=%2Fwp%2Fv2%2Fmedia&parent=137"}],"curies":[{"name":"wp","href":"https:\/\/api.w.org\/{rel}","templated":true}]}}