{"id":159,"date":"2016-03-26T18:47:06","date_gmt":"2016-03-26T17:47:06","guid":{"rendered":"http:\/\/acinu.net\/?page_id=159"},"modified":"2016-04-29T23:30:15","modified_gmt":"2016-04-29T22:30:15","slug":"snowball","status":"publish","type":"page","link":"https:\/\/acinu.net\/?page_id=159","title":{"rendered":"Snowball"},"content":{"rendered":"<p>Sekte: Camarilla<br \/>\nClan: Brujah<br \/>\nGeneration: 12<br \/>\nSire: <a href=\"http:\/\/acinu.net\/?page_id=137\" target=\"_blank\">Bruce Calham<\/a><br \/>\nTodestag:<br \/>\nSieht aus wie:<br \/>\nChilds:<br \/>\nGhule:<br \/>\nKl\u00fcngl: <a href=\"http:\/\/acinu.net\/?page_id=118\" target=\"_blank\">Bloody Bastards<\/a><br \/>\n<br \/>\n<\/p>\n<p><strong><span style=\"text-decoration: underline;\">Beschreibung:<\/span><\/strong><br \/>\nGeburtstag:<br \/>\nGr\u00f6\u00dfe: 2,22<br \/>\nGewicht: 222<br \/>\nStatur:<br \/>\nHaarfarbe: wei\u00dfe Dreadlocks<br \/>\nAugenfarbe: dunkelbraun<br \/>\nHautfarbe: schwarz<br \/>\nNationalit\u00e4t:<br \/>\nHauptwohnsitz:<\/p>\n<p><br \/>\n<\/p>\n","protected":false},"excerpt":{"rendered":"<p>Sekte: Camarilla Clan: Brujah Generation: 12 Sire: Bruce Calham Todestag: Sieht aus wie: Childs: Ghule: Kl\u00fcngl: Bloody Bastards Beschreibung: Geburtstag: Gr\u00f6\u00dfe: 2,22 Gewicht: 222 Statur: Haarfarbe: wei\u00dfe Dreadlocks Augenfarbe: dunkelbraun Hautfarbe: schwarz Nationalit\u00e4t: Hauptwohnsitz:<\/p>\n","protected":false},"author":7,"featured_media":273,"parent":118,"menu_order":0,"comment_status":"closed","ping_status":"closed","template":"","meta":{"footnotes":""},"_links":{"self":[{"href":"https:\/\/acinu.net\/index.php?rest_route=\/wp\/v2\/pages\/159"}],"collection":[{"href":"https:\/\/acinu.net\/index.php?rest_route=\/wp\/v2\/pages"}],"about":[{"href":"https:\/\/acinu.net\/index.php?rest_route=\/wp\/v2\/types\/page"}],"author":[{"embeddable":true,"href":"https:\/\/acinu.net\/index.php?rest_route=\/wp\/v2\/users\/7"}],"replies":[{"embeddable":true,"href":"https:\/\/acinu.net\/index.php?rest_route=%2Fwp%2Fv2%2Fcomments&post=159"}],"version-history":[{"count":6,"href":"https:\/\/acinu.net\/index.php?rest_route=\/wp\/v2\/pages\/159\/revisions"}],"predecessor-version":[{"id":278,"href":"https:\/\/acinu.net\/index.php?rest_route=\/wp\/v2\/pages\/159\/revisions\/278"}],"up":[{"embeddable":true,"href":"https:\/\/acinu.net\/index.php?rest_route=\/wp\/v2\/pages\/118"}],"wp:featuredmedia":[{"embeddable":true,"href":"https:\/\/acinu.net\/index.php?rest_route=\/wp\/v2\/media\/273"}],"wp:attachment":[{"href":"https:\/\/acinu.net\/index.php?rest_route=%2Fwp%2Fv2%2Fmedia&parent=159"}],"curies":[{"name":"wp","href":"https:\/\/api.w.org\/{rel}","templated":true}]}}