{"id":171,"date":"2016-03-26T19:08:18","date_gmt":"2016-03-26T18:08:18","guid":{"rendered":"http:\/\/acinu.net\/?page_id=171"},"modified":"2016-03-26T21:37:25","modified_gmt":"2016-03-26T20:37:25","slug":"riddler","status":"publish","type":"page","link":"https:\/\/acinu.net\/?page_id=171","title":{"rendered":"Riddler"},"content":{"rendered":"<p>Sekte: Camarilla<br \/>\nClan: Malkav<br \/>\nGeneration: 12<br \/>\nSire: <a href=\"http:\/\/acinu.net\/?page_id=22\" target=\"_blank\">Tinkerbell<\/a><br \/>\nTodestag:<br \/>\nSieht aus wie: Mitte 30<br \/>\nChilds:<br \/>\nGhule:<br \/>\nKl\u00fcngl: <a href=\"http:\/\/acinu.net\/?page_id=118\" target=\"_blank\">Bloody Bastards<\/a><br \/>\n<br \/>\n<\/p>\n<p><strong><span style=\"text-decoration: underline;\">Beschreibung:<\/span><\/strong><br \/>\nGeburtstag:<br \/>\nGr\u00f6\u00dfe: 1,90<br \/>\nGewicht: 95<br \/>\nStatur: drahtig<br \/>\nHaarfarbe: schwarz<br \/>\nAugenfarbe: dunkelbraun<br \/>\nHautfarbe:<br \/>\nNationalit\u00e4t: Mexiko<br \/>\nHauptwohnsitz:<\/p>\n<p><br \/>\n<\/p>\n","protected":false},"excerpt":{"rendered":"<p>Sekte: Camarilla Clan: Malkav Generation: 12 Sire: Tinkerbell Todestag: Sieht aus wie: Mitte 30 Childs: Ghule: Kl\u00fcngl: Bloody Bastards Beschreibung: Geburtstag: Gr\u00f6\u00dfe: 1,90 Gewicht: 95 Statur: drahtig Haarfarbe: schwarz Augenfarbe: dunkelbraun Hautfarbe: Nationalit\u00e4t: Mexiko Hauptwohnsitz:<\/p>\n","protected":false},"author":2,"featured_media":0,"parent":118,"menu_order":0,"comment_status":"closed","ping_status":"closed","template":"","meta":{"footnotes":""},"_links":{"self":[{"href":"https:\/\/acinu.net\/index.php?rest_route=\/wp\/v2\/pages\/171"}],"collection":[{"href":"https:\/\/acinu.net\/index.php?rest_route=\/wp\/v2\/pages"}],"about":[{"href":"https:\/\/acinu.net\/index.php?rest_route=\/wp\/v2\/types\/page"}],"author":[{"embeddable":true,"href":"https:\/\/acinu.net\/index.php?rest_route=\/wp\/v2\/users\/2"}],"replies":[{"embeddable":true,"href":"https:\/\/acinu.net\/index.php?rest_route=%2Fwp%2Fv2%2Fcomments&post=171"}],"version-history":[{"count":3,"href":"https:\/\/acinu.net\/index.php?rest_route=\/wp\/v2\/pages\/171\/revisions"}],"predecessor-version":[{"id":227,"href":"https:\/\/acinu.net\/index.php?rest_route=\/wp\/v2\/pages\/171\/revisions\/227"}],"up":[{"embeddable":true,"href":"https:\/\/acinu.net\/index.php?rest_route=\/wp\/v2\/pages\/118"}],"wp:attachment":[{"href":"https:\/\/acinu.net\/index.php?rest_route=%2Fwp%2Fv2%2Fmedia&parent=171"}],"curies":[{"name":"wp","href":"https:\/\/api.w.org\/{rel}","templated":true}]}}