{"id":173,"date":"2016-03-26T19:10:00","date_gmt":"2016-03-26T18:10:00","guid":{"rendered":"http:\/\/acinu.net\/?page_id=173"},"modified":"2016-12-10T23:48:19","modified_gmt":"2016-12-10T22:48:19","slug":"tom-stevens","status":"publish","type":"page","link":"https:\/\/acinu.net\/?page_id=173","title":{"rendered":"Darren Stevens"},"content":{"rendered":"<p>Sekte: Camarilla<br \/>\nClan: Caitiff<br \/>\nGeneration:<br \/>\nSire:<br \/>\nTodestag:<br \/>\nSieht aus wie:<br \/>\nChilds:<br \/>\nGhule:<br \/>\nKl\u00fcngl:&nbsp;<a href=\"http:\/\/acinu.net\/?page_id=107\">Broken Shiver<\/a><br \/>\n<br \/>\n<\/p>\n<p><strong><span style=\"text-decoration: underline;\">Beschreibung:<\/span><\/strong><br \/>\nGeburtstag:<br \/>\nGr\u00f6\u00dfe: 1,73 m<br \/>\nGewicht:<br \/>\nStatur: drahtig<br \/>\nHaarfarbe:&nbsp;schwarz<br \/>\nAugenfarbe:&nbsp;eisblau<br \/>\nHautfarbe: wei\u00df<br \/>\nNationalit\u00e4t:<br \/>\nHauptwohnsitz: San Diego, Kalifornien<\/p>\n<p><br \/>\n<\/p>\n","protected":false},"excerpt":{"rendered":"<p>Sekte: Camarilla Clan: Caitiff Generation: Sire: Todestag: Sieht aus wie: Childs: Ghule: Kl\u00fcngl:&nbsp;Broken Shiver Beschreibung: Geburtstag: Gr\u00f6\u00dfe: 1,73 m Gewicht: Statur: drahtig Haarfarbe:&nbsp;schwarz Augenfarbe:&nbsp;eisblau Hautfarbe: wei\u00df Nationalit\u00e4t: Hauptwohnsitz: San Diego, Kalifornien<\/p>\n","protected":false},"author":2,"featured_media":397,"parent":107,"menu_order":0,"comment_status":"closed","ping_status":"closed","template":"","meta":{"footnotes":""},"_links":{"self":[{"href":"https:\/\/acinu.net\/index.php?rest_route=\/wp\/v2\/pages\/173"}],"collection":[{"href":"https:\/\/acinu.net\/index.php?rest_route=\/wp\/v2\/pages"}],"about":[{"href":"https:\/\/acinu.net\/index.php?rest_route=\/wp\/v2\/types\/page"}],"author":[{"embeddable":true,"href":"https:\/\/acinu.net\/index.php?rest_route=\/wp\/v2\/users\/2"}],"replies":[{"embeddable":true,"href":"https:\/\/acinu.net\/index.php?rest_route=%2Fwp%2Fv2%2Fcomments&post=173"}],"version-history":[{"count":8,"href":"https:\/\/acinu.net\/index.php?rest_route=\/wp\/v2\/pages\/173\/revisions"}],"predecessor-version":[{"id":404,"href":"https:\/\/acinu.net\/index.php?rest_route=\/wp\/v2\/pages\/173\/revisions\/404"}],"up":[{"embeddable":true,"href":"https:\/\/acinu.net\/index.php?rest_route=\/wp\/v2\/pages\/107"}],"wp:featuredmedia":[{"embeddable":true,"href":"https:\/\/acinu.net\/index.php?rest_route=\/wp\/v2\/media\/397"}],"wp:attachment":[{"href":"https:\/\/acinu.net\/index.php?rest_route=%2Fwp%2Fv2%2Fmedia&parent=173"}],"curies":[{"name":"wp","href":"https:\/\/api.w.org\/{rel}","templated":true}]}}