{"id":179,"date":"2016-03-26T19:17:05","date_gmt":"2016-03-26T18:17:05","guid":{"rendered":"http:\/\/acinu.net\/?page_id=179"},"modified":"2016-10-30T16:32:41","modified_gmt":"2016-10-30T15:32:41","slug":"jacob-russ","status":"publish","type":"page","link":"https:\/\/acinu.net\/?page_id=179","title":{"rendered":"Jacob Russ"},"content":{"rendered":"<p>Sekte: Camarilla<br \/>\nClan: Gangrel<br \/>\nGeneration: 12<br \/>\nSire:<br \/>\nTodestag:<br \/>\nSieht aus wie: Mitte drei\u00dfig<br \/>\nChilds: Rosalie Cullen, <a href=\"http:\/\/acinu.net\/?page_id=229\">Gil Shortwood<\/a><br \/>\nGhule:<br \/>\nKl\u00fcngl: <a href=\"http:\/\/acinu.net\/?page_id=107\">Broken Shiver<\/a><br \/>\n<br \/>\n<\/p>\n<p><strong><span style=\"text-decoration: underline;\">Beschreibung:<\/span><\/strong><br \/>\nGeburtstag:<br \/>\nGr\u00f6\u00dfe: 1,77 m<br \/>\nGewicht: 70 kg<br \/>\nStatur: drahtig<br \/>\nHaarfarbe: braun<br \/>\nAugenfarbe: braun<br \/>\nHautfarbe: wei\u00df<br \/>\nNationalit\u00e4t: USA<br \/>\nHauptwohnsitz: San Diego, Kalifornien<\/p>\n<ul>\n<li><\/li>\n<\/ul>\n<p><br \/>\n<\/p>\n","protected":false},"excerpt":{"rendered":"<p>Sekte: Camarilla Clan: Gangrel Generation: 12 Sire: Todestag: Sieht aus wie: Mitte drei\u00dfig Childs: Rosalie Cullen, Gil Shortwood Ghule: Kl\u00fcngl: Broken Shiver Beschreibung: Geburtstag: Gr\u00f6\u00dfe: 1,77 m Gewicht: 70 kg Statur: drahtig Haarfarbe: braun Augenfarbe: braun Hautfarbe: wei\u00df Nationalit\u00e4t: USA Hauptwohnsitz: San Diego, Kalifornien<\/p>\n","protected":false},"author":2,"featured_media":386,"parent":107,"menu_order":0,"comment_status":"closed","ping_status":"closed","template":"","meta":{"footnotes":""},"_links":{"self":[{"href":"https:\/\/acinu.net\/index.php?rest_route=\/wp\/v2\/pages\/179"}],"collection":[{"href":"https:\/\/acinu.net\/index.php?rest_route=\/wp\/v2\/pages"}],"about":[{"href":"https:\/\/acinu.net\/index.php?rest_route=\/wp\/v2\/types\/page"}],"author":[{"embeddable":true,"href":"https:\/\/acinu.net\/index.php?rest_route=\/wp\/v2\/users\/2"}],"replies":[{"embeddable":true,"href":"https:\/\/acinu.net\/index.php?rest_route=%2Fwp%2Fv2%2Fcomments&post=179"}],"version-history":[{"count":5,"href":"https:\/\/acinu.net\/index.php?rest_route=\/wp\/v2\/pages\/179\/revisions"}],"predecessor-version":[{"id":390,"href":"https:\/\/acinu.net\/index.php?rest_route=\/wp\/v2\/pages\/179\/revisions\/390"}],"up":[{"embeddable":true,"href":"https:\/\/acinu.net\/index.php?rest_route=\/wp\/v2\/pages\/107"}],"wp:featuredmedia":[{"embeddable":true,"href":"https:\/\/acinu.net\/index.php?rest_route=\/wp\/v2\/media\/386"}],"wp:attachment":[{"href":"https:\/\/acinu.net\/index.php?rest_route=%2Fwp%2Fv2%2Fmedia&parent=179"}],"curies":[{"name":"wp","href":"https:\/\/api.w.org\/{rel}","templated":true}]}}