{"id":210,"date":"2016-03-26T20:38:02","date_gmt":"2016-03-26T19:38:02","guid":{"rendered":"http:\/\/acinu.net\/?page_id=210"},"modified":"2016-10-30T00:57:51","modified_gmt":"2016-10-29T23:57:51","slug":"selena-siritis","status":"publish","type":"page","link":"https:\/\/acinu.net\/?page_id=210","title":{"rendered":"Selena Siritis"},"content":{"rendered":"<p>Sekte: Camarilla<br \/>\nClan: Ventrue<br \/>\nGeneration:<br \/>\nSire:<br \/>\nTodestag:<br \/>\nSieht aus wie: Ende zwanzig<br \/>\nChilds:<br \/>\nGhule:<br \/>\nKl\u00fcngl:<\/p>\n<p><strong><span style=\"text-decoration: underline;\">Beschreibung:<\/span><\/strong><br \/>\nGeburtstag:<br \/>\nGr\u00f6\u00dfe:<br \/>\nGewicht:<br \/>\nStatur:<br \/>\nHaarfarbe: schwarz<br \/>\nAugenfarbe: dunkelbraun<br \/>\nHautfarbe:<br \/>\nNationalit\u00e4t:<br \/>\nHauptwohnsitz: San Diego, Kalifornien<\/p>\n<p>Beschreibung:<br \/>\nSie leitet das wichtigste Elysium in San Diego, ein Spa au\u00dferhalb der Stadt. Ein W\u00e4chter des Spas ist<\/p>\n","protected":false},"excerpt":{"rendered":"<p>Sekte: Camarilla Clan: Ventrue Generation: Sire: Todestag: Sieht aus wie: Ende zwanzig Childs: Ghule: Kl\u00fcngl: Beschreibung: Geburtstag: Gr\u00f6\u00dfe: Gewicht: Statur: Haarfarbe: schwarz Augenfarbe: dunkelbraun Hautfarbe: Nationalit\u00e4t: Hauptwohnsitz: San Diego, Kalifornien Beschreibung: Sie leitet das wichtigste Elysium in San Diego, ein Spa au\u00dferhalb der Stadt. Ein W\u00e4chter des Spas ist<\/p>\n","protected":false},"author":2,"featured_media":387,"parent":214,"menu_order":0,"comment_status":"closed","ping_status":"closed","template":"","meta":{"footnotes":""},"_links":{"self":[{"href":"https:\/\/acinu.net\/index.php?rest_route=\/wp\/v2\/pages\/210"}],"collection":[{"href":"https:\/\/acinu.net\/index.php?rest_route=\/wp\/v2\/pages"}],"about":[{"href":"https:\/\/acinu.net\/index.php?rest_route=\/wp\/v2\/types\/page"}],"author":[{"embeddable":true,"href":"https:\/\/acinu.net\/index.php?rest_route=\/wp\/v2\/users\/2"}],"replies":[{"embeddable":true,"href":"https:\/\/acinu.net\/index.php?rest_route=%2Fwp%2Fv2%2Fcomments&post=210"}],"version-history":[{"count":3,"href":"https:\/\/acinu.net\/index.php?rest_route=\/wp\/v2\/pages\/210\/revisions"}],"predecessor-version":[{"id":213,"href":"https:\/\/acinu.net\/index.php?rest_route=\/wp\/v2\/pages\/210\/revisions\/213"}],"up":[{"embeddable":true,"href":"https:\/\/acinu.net\/index.php?rest_route=\/wp\/v2\/pages\/214"}],"wp:featuredmedia":[{"embeddable":true,"href":"https:\/\/acinu.net\/index.php?rest_route=\/wp\/v2\/media\/387"}],"wp:attachment":[{"href":"https:\/\/acinu.net\/index.php?rest_route=%2Fwp%2Fv2%2Fmedia&parent=210"}],"curies":[{"name":"wp","href":"https:\/\/api.w.org\/{rel}","templated":true}]}}