{"id":216,"date":"2016-03-26T20:50:43","date_gmt":"2016-03-26T19:50:43","guid":{"rendered":"http:\/\/acinu.net\/?page_id=216"},"modified":"2016-03-26T20:50:43","modified_gmt":"2016-03-26T19:50:43","slug":"andrew-montegue","status":"publish","type":"page","link":"https:\/\/acinu.net\/?page_id=216","title":{"rendered":"Andrew Montegue"},"content":{"rendered":"<p>Sekte: Camarilla<br \/>\nClan: Ventrue<br \/>\nGeneration:<br \/>\nSire:<br \/>\nTodestag:<br \/>\nSieht aus wie:<br \/>\nChilds:<br \/>\nGhule:<br \/>\nKl\u00fcngl:<br \/>\n<br \/>\n<\/p>\n<p><span style=\"text-decoration: underline;\"><strong>Beschreibung<\/strong><\/span><br \/>\nGeburtstag:<br \/>\nGr\u00f6\u00dfe:<br \/>\nGewicht:<br \/>\nStatur:<br \/>\nHaarfarbe:<br \/>\nAugenfarbe:<br \/>\nHautfarbe:<br \/>\nNationalit\u00e4t:<br \/>\nHauptwohnsitz:<\/p>\n<p>Mr. Montegue\u00a0 ist der Prinz von San Diego<\/p>\n\n","protected":false},"excerpt":{"rendered":"<p>Sekte: Camarilla Clan: Ventrue Generation: Sire: Todestag: Sieht aus wie: Childs: Ghule: Kl\u00fcngl: Beschreibung Geburtstag: Gr\u00f6\u00dfe: Gewicht: Statur: Haarfarbe: Augenfarbe: Hautfarbe: Nationalit\u00e4t: Hauptwohnsitz: Mr. Montegue\u00a0 ist der Prinz von San Diego<\/p>\n","protected":false},"author":2,"featured_media":0,"parent":214,"menu_order":0,"comment_status":"closed","ping_status":"closed","template":"","meta":{"footnotes":""},"_links":{"self":[{"href":"https:\/\/acinu.net\/index.php?rest_route=\/wp\/v2\/pages\/216"}],"collection":[{"href":"https:\/\/acinu.net\/index.php?rest_route=\/wp\/v2\/pages"}],"about":[{"href":"https:\/\/acinu.net\/index.php?rest_route=\/wp\/v2\/types\/page"}],"author":[{"embeddable":true,"href":"https:\/\/acinu.net\/index.php?rest_route=\/wp\/v2\/users\/2"}],"replies":[{"embeddable":true,"href":"https:\/\/acinu.net\/index.php?rest_route=%2Fwp%2Fv2%2Fcomments&post=216"}],"version-history":[{"count":1,"href":"https:\/\/acinu.net\/index.php?rest_route=\/wp\/v2\/pages\/216\/revisions"}],"predecessor-version":[{"id":217,"href":"https:\/\/acinu.net\/index.php?rest_route=\/wp\/v2\/pages\/216\/revisions\/217"}],"up":[{"embeddable":true,"href":"https:\/\/acinu.net\/index.php?rest_route=\/wp\/v2\/pages\/214"}],"wp:attachment":[{"href":"https:\/\/acinu.net\/index.php?rest_route=%2Fwp%2Fv2%2Fmedia&parent=216"}],"curies":[{"name":"wp","href":"https:\/\/api.w.org\/{rel}","templated":true}]}}