{"id":22,"date":"2016-01-31T21:44:53","date_gmt":"2016-01-31T20:44:53","guid":{"rendered":"http:\/\/acinu.net\/?page_id=22"},"modified":"2016-12-10T23:37:35","modified_gmt":"2016-12-10T22:37:35","slug":"tinkerbell","status":"publish","type":"page","link":"https:\/\/acinu.net\/?page_id=22","title":{"rendered":"Tinkerbell"},"content":{"rendered":"<p>Sekte: Camarilla<br \/>\nClan: Malkavianer<br \/>\nGeneration: 12<br \/>\nSire:<br \/>\nTodestag:<br \/>\nSieht aus wie: 16<br \/>\nChilds: <a href=\"http:\/\/acinu.net\/?page_id=13\" target=\"_blank\">Sonam Chime<\/a>, <a href=\"http:\/\/acinu.net\/?page_id=171\" target=\"_blank\">Riddler<\/a><br \/>\nGhule:<br \/>\nKl\u00fcngl: <a href=\"http:\/\/acinu.net\/?page_id=107\" target=\"_blank\">Broken Shiver<\/a><br \/>\n<br \/>\n<\/p>\n<p><strong><span style=\"text-decoration: underline;\">Beschreibung:<\/span><\/strong><br \/>\nGeburtstag:<br \/>\nGr\u00f6\u00dfe: 1,69 m<br \/>\nGewicht:<br \/>\nStatur:<br \/>\nHaarfarbe: blond<br \/>\nAugenfarbe: blau<br \/>\nHautfarbe: wei\u00df<br \/>\nNationalit\u00e4t:<br \/>\nHauptwohnsitz: San Diego, Kalifornien<\/p>\n<p>Zitat: Kitty, sagt&#8230;<\/p>\n<p><br \/>\n<\/p>\n","protected":false},"excerpt":{"rendered":"<p>Sekte: Camarilla Clan: Malkavianer Generation: 12 Sire: Todestag: Sieht aus wie: 16 Childs: Sonam Chime, Riddler Ghule: Kl\u00fcngl: Broken Shiver Beschreibung: Geburtstag: Gr\u00f6\u00dfe: 1,69 m Gewicht: Statur: Haarfarbe: blond Augenfarbe: blau Hautfarbe: wei\u00df Nationalit\u00e4t: Hauptwohnsitz: San Diego, Kalifornien Zitat: Kitty, sagt&#8230;<\/p>\n","protected":false},"author":2,"featured_media":23,"parent":107,"menu_order":0,"comment_status":"closed","ping_status":"closed","template":"","meta":{"footnotes":""},"_links":{"self":[{"href":"https:\/\/acinu.net\/index.php?rest_route=\/wp\/v2\/pages\/22"}],"collection":[{"href":"https:\/\/acinu.net\/index.php?rest_route=\/wp\/v2\/pages"}],"about":[{"href":"https:\/\/acinu.net\/index.php?rest_route=\/wp\/v2\/types\/page"}],"author":[{"embeddable":true,"href":"https:\/\/acinu.net\/index.php?rest_route=\/wp\/v2\/users\/2"}],"replies":[{"embeddable":true,"href":"https:\/\/acinu.net\/index.php?rest_route=%2Fwp%2Fv2%2Fcomments&post=22"}],"version-history":[{"count":13,"href":"https:\/\/acinu.net\/index.php?rest_route=\/wp\/v2\/pages\/22\/revisions"}],"predecessor-version":[{"id":403,"href":"https:\/\/acinu.net\/index.php?rest_route=\/wp\/v2\/pages\/22\/revisions\/403"}],"up":[{"embeddable":true,"href":"https:\/\/acinu.net\/index.php?rest_route=\/wp\/v2\/pages\/107"}],"wp:featuredmedia":[{"embeddable":true,"href":"https:\/\/acinu.net\/index.php?rest_route=\/wp\/v2\/media\/23"}],"wp:attachment":[{"href":"https:\/\/acinu.net\/index.php?rest_route=%2Fwp%2Fv2%2Fmedia&parent=22"}],"curies":[{"name":"wp","href":"https:\/\/api.w.org\/{rel}","templated":true}]}}