{"id":220,"date":"2016-03-26T21:10:32","date_gmt":"2016-03-26T20:10:32","guid":{"rendered":"http:\/\/acinu.net\/?page_id=220"},"modified":"2018-06-20T11:49:49","modified_gmt":"2018-06-20T10:49:49","slug":"contesse-elenor-du-chalet","status":"publish","type":"page","link":"https:\/\/acinu.net\/?page_id=220","title":{"rendered":"Contesse Elenor du Chalet"},"content":{"rendered":"<p>Sekte: Camarilla<br \/>\nClan: Toreador<br \/>\nGeneration: <br \/>\nSire: <br \/>\nTodestag: <br \/>\nSieht aus wie: 17<br \/>\nChilds:&nbsp;<br \/>\nGhule:<br \/>\nKl\u00fcngl:<br \/>\nBlutband zu: <br \/>\nFeinde:<\/p>\n<p><strong><span style=\"text-decoration: underline;\">Beschreibung:<\/span><\/strong><br \/>\nGeburtstag:<br \/>\nGr\u00f6\u00dfe: 1,62<br \/>\nGewicht:<br \/>\nStatur: schlank<br \/>\nHaarfarbe: blond<br \/>\nAugenfarbe: blau<br \/>\nHautfarbe: wei\u00df<br \/>\nNationalit\u00e4t: England<br \/>\nHauptwohnsitz: South Hampton<\/p>\n<p><\/li>\n<\/ul>\n<p><br \/>\n<span style=\"text-decoration: underline;\">Weitere Beschreibung:<br \/>\n<\/span>Die Contesse ist bekannt f\u00fcr ihre (Ghul) Pferde Zucht. Doch nicht jeder bekommt eines ihrer wertvollen Tiere.<span style=\"text-decoration: underline;\"><br \/>\n<\/span><\/p>\n","protected":false},"excerpt":{"rendered":"<p>Sekte: Camarilla Clan: Toreador Generation: Sire: Todestag: Sieht aus wie: 17 Childs:&nbsp; Ghule: Kl\u00fcngl: Blutband zu: Feinde: Beschreibung: Geburtstag: Gr\u00f6\u00dfe: 1,62 Gewicht: Statur: schlank Haarfarbe: blond Augenfarbe: blau Hautfarbe: wei\u00df Nationalit\u00e4t: England Hauptwohnsitz: South Hampton Weitere Beschreibung: Die Contesse ist bekannt f\u00fcr ihre (Ghul) Pferde Zucht. Doch nicht jeder bekommt eines ihrer wertvollen Tiere.<\/p>\n","protected":false},"author":2,"featured_media":262,"parent":482,"menu_order":0,"comment_status":"closed","ping_status":"closed","template":"","meta":{"footnotes":""},"_links":{"self":[{"href":"https:\/\/acinu.net\/index.php?rest_route=\/wp\/v2\/pages\/220"}],"collection":[{"href":"https:\/\/acinu.net\/index.php?rest_route=\/wp\/v2\/pages"}],"about":[{"href":"https:\/\/acinu.net\/index.php?rest_route=\/wp\/v2\/types\/page"}],"author":[{"embeddable":true,"href":"https:\/\/acinu.net\/index.php?rest_route=\/wp\/v2\/users\/2"}],"replies":[{"embeddable":true,"href":"https:\/\/acinu.net\/index.php?rest_route=%2Fwp%2Fv2%2Fcomments&post=220"}],"version-history":[{"count":10,"href":"https:\/\/acinu.net\/index.php?rest_route=\/wp\/v2\/pages\/220\/revisions"}],"predecessor-version":[{"id":449,"href":"https:\/\/acinu.net\/index.php?rest_route=\/wp\/v2\/pages\/220\/revisions\/449"}],"up":[{"embeddable":true,"href":"https:\/\/acinu.net\/index.php?rest_route=\/wp\/v2\/pages\/482"}],"wp:featuredmedia":[{"embeddable":true,"href":"https:\/\/acinu.net\/index.php?rest_route=\/wp\/v2\/media\/262"}],"wp:attachment":[{"href":"https:\/\/acinu.net\/index.php?rest_route=%2Fwp%2Fv2%2Fmedia&parent=220"}],"curies":[{"name":"wp","href":"https:\/\/api.w.org\/{rel}","templated":true}]}}