{"id":223,"date":"2016-03-26T21:35:28","date_gmt":"2016-03-26T20:35:28","guid":{"rendered":"http:\/\/acinu.net\/?page_id=223"},"modified":"2016-11-01T18:01:27","modified_gmt":"2016-11-01T17:01:27","slug":"claire-di-rois","status":"publish","type":"page","link":"https:\/\/acinu.net\/?page_id=223","title":{"rendered":"Claire di Rois"},"content":{"rendered":"<p>Sekte: Camarilla<br \/>\nClan: Toreador<br \/>\nGeneration: 12<br \/>\nSire: <a href=\"http:\/\/acinu.net\/?page_id=135\" target=\"_blank\">Louie Dupont<\/a><br \/>\nTodestag:<br \/>\nSieht aus wie: Mitte 30<br \/>\nChilds:<br \/>\nGhule:<br \/>\nKl\u00fcngl: <a href=\"http:\/\/acinu.net\/?page_id=118\" target=\"_blank\">Bloody Bastards<\/a><\/p>\n<p><strong><span style=\"text-decoration: underline;\">Beschreibung:<\/span><\/strong><br \/>\nGeburtstag:<br \/>\nGr\u00f6\u00dfe: 1,74 m<br \/>\nGewicht:<br \/>\nStatur:<br \/>\nHaarfarbe: schwarz<br \/>\nAugenfarbe: blau<br \/>\nHautfarbe: wei\u00df<br \/>\nNationalit\u00e4t:<br \/>\nHauptwohnsitz:<\/p>\n<p>&nbsp;<\/p>\n<p><span style=\"text-decoration: underline;\"><strong>Charakterbeschreibung:<\/strong><\/span><\/p>\n<p>Claire ist eine ausgezeichnete Scharfsch\u00fctzin.<\/p>\n","protected":false},"excerpt":{"rendered":"<p>Sekte: Camarilla Clan: Toreador Generation: 12 Sire: Louie Dupont Todestag: Sieht aus wie: Mitte 30 Childs: Ghule: Kl\u00fcngl: Bloody Bastards Beschreibung: Geburtstag: Gr\u00f6\u00dfe: 1,74 m Gewicht: Statur: Haarfarbe: schwarz Augenfarbe: blau Hautfarbe: wei\u00df Nationalit\u00e4t: Hauptwohnsitz: &nbsp; Charakterbeschreibung: Claire ist eine ausgezeichnete Scharfsch\u00fctzin.<\/p>\n","protected":false},"author":2,"featured_media":391,"parent":118,"menu_order":0,"comment_status":"closed","ping_status":"closed","template":"","meta":{"footnotes":""},"_links":{"self":[{"href":"https:\/\/acinu.net\/index.php?rest_route=\/wp\/v2\/pages\/223"}],"collection":[{"href":"https:\/\/acinu.net\/index.php?rest_route=\/wp\/v2\/pages"}],"about":[{"href":"https:\/\/acinu.net\/index.php?rest_route=\/wp\/v2\/types\/page"}],"author":[{"embeddable":true,"href":"https:\/\/acinu.net\/index.php?rest_route=\/wp\/v2\/users\/2"}],"replies":[{"embeddable":true,"href":"https:\/\/acinu.net\/index.php?rest_route=%2Fwp%2Fv2%2Fcomments&post=223"}],"version-history":[{"count":4,"href":"https:\/\/acinu.net\/index.php?rest_route=\/wp\/v2\/pages\/223\/revisions"}],"predecessor-version":[{"id":392,"href":"https:\/\/acinu.net\/index.php?rest_route=\/wp\/v2\/pages\/223\/revisions\/392"}],"up":[{"embeddable":true,"href":"https:\/\/acinu.net\/index.php?rest_route=\/wp\/v2\/pages\/118"}],"wp:featuredmedia":[{"embeddable":true,"href":"https:\/\/acinu.net\/index.php?rest_route=\/wp\/v2\/media\/391"}],"wp:attachment":[{"href":"https:\/\/acinu.net\/index.php?rest_route=%2Fwp%2Fv2%2Fmedia&parent=223"}],"curies":[{"name":"wp","href":"https:\/\/api.w.org\/{rel}","templated":true}]}}