{"id":229,"date":"2016-03-26T21:42:40","date_gmt":"2016-03-26T20:42:40","guid":{"rendered":"http:\/\/acinu.net\/?page_id=229"},"modified":"2016-03-26T21:42:40","modified_gmt":"2016-03-26T20:42:40","slug":"gil-shortwood","status":"publish","type":"page","link":"https:\/\/acinu.net\/?page_id=229","title":{"rendered":"Gil Shortwood"},"content":{"rendered":"<p>Sekte: Camarilla<br \/>\nClan: 12<br \/>\nGeneration:<br \/>\nSire: <a href=\"http:\/\/acinu.net\/?page_id=179\" target=\"_blank\">Jacob Russ<\/a><br \/>\nTodestag:<br \/>\nSieht aus wie: 20<br \/>\nChilds:<br \/>\nGhule:<br \/>\nKl\u00fcngl:<br \/>\n<br \/>\n<\/p>\n<p><strong><span style=\"text-decoration: underline;\">Beschreibung:<\/span><\/strong><br \/>\nGeburtstag:<br \/>\nGr\u00f6\u00dfe: 1,78<br \/>\nGewicht: 74<br \/>\nStatur:<br \/>\nHaarfarbe:\u00a0rot<br \/>\nAugenfarbe: blau<br \/>\nHautfarbe:<br \/>\nNationalit\u00e4t: Kanada<br \/>\nHauptwohnsitz:<\/p>\n\n<p><br \/>\n<\/p>\n","protected":false},"excerpt":{"rendered":"<p>Sekte: Camarilla Clan: 12 Generation: Sire: Jacob Russ Todestag: Sieht aus wie: 20 Childs: Ghule: Kl\u00fcngl: Beschreibung: Geburtstag: Gr\u00f6\u00dfe: 1,78 Gewicht: 74 Statur: Haarfarbe:\u00a0rot Augenfarbe: blau Hautfarbe: Nationalit\u00e4t: Kanada Hauptwohnsitz:<\/p>\n","protected":false},"author":2,"featured_media":0,"parent":118,"menu_order":0,"comment_status":"closed","ping_status":"closed","template":"","meta":{"footnotes":""},"_links":{"self":[{"href":"https:\/\/acinu.net\/index.php?rest_route=\/wp\/v2\/pages\/229"}],"collection":[{"href":"https:\/\/acinu.net\/index.php?rest_route=\/wp\/v2\/pages"}],"about":[{"href":"https:\/\/acinu.net\/index.php?rest_route=\/wp\/v2\/types\/page"}],"author":[{"embeddable":true,"href":"https:\/\/acinu.net\/index.php?rest_route=\/wp\/v2\/users\/2"}],"replies":[{"embeddable":true,"href":"https:\/\/acinu.net\/index.php?rest_route=%2Fwp%2Fv2%2Fcomments&post=229"}],"version-history":[{"count":1,"href":"https:\/\/acinu.net\/index.php?rest_route=\/wp\/v2\/pages\/229\/revisions"}],"predecessor-version":[{"id":230,"href":"https:\/\/acinu.net\/index.php?rest_route=\/wp\/v2\/pages\/229\/revisions\/230"}],"up":[{"embeddable":true,"href":"https:\/\/acinu.net\/index.php?rest_route=\/wp\/v2\/pages\/118"}],"wp:attachment":[{"href":"https:\/\/acinu.net\/index.php?rest_route=%2Fwp%2Fv2%2Fmedia&parent=229"}],"curies":[{"name":"wp","href":"https:\/\/api.w.org\/{rel}","templated":true}]}}