{"id":250,"date":"2016-04-16T21:33:16","date_gmt":"2016-04-16T20:33:16","guid":{"rendered":"http:\/\/acinu.net\/?page_id=250"},"modified":"2017-11-12T05:34:09","modified_gmt":"2017-11-12T04:34:09","slug":"cody-thompson","status":"publish","type":"page","link":"https:\/\/acinu.net\/?page_id=250","title":{"rendered":"Cody Thompson"},"content":{"rendered":"<p>Sekte: Camarilla<br \/>\nClan: Brujah<br \/>\nGeneration: 12<br \/>\nSire:<br \/>\nTodestag:<br \/>\nSieht aus wie: 23<br \/>\nChilds: <a href=\"http:\/\/acinu.net\/?page_id=254\">Ella<\/a><br \/>\nGhule:<br \/>\nKl\u00fcngl:<br \/>\n<br \/>\n<\/p>\n<p><strong><span style=\"text-decoration: underline;\">Beschreibung:<\/span><\/strong><br \/>\nGeburtstag:<br \/>\nGr\u00f6\u00dfe: 1,65<br \/>\nGewicht: 55<br \/>\nStatur: schlank<br \/>\nHaarfarbe: br\u00fcnett<br \/>\nAugenfarbe: braun<br \/>\nHautfarbe: wei\u00df<br \/>\nNationalit\u00e4t: USA<br \/>\nHauptwohnsitz: San Diego, Kalifornien<\/p>\n\n<p><br \/>\n<\/p>\n","protected":false},"excerpt":{"rendered":"<p>Sekte: Camarilla Clan: Brujah Generation: 12 Sire: Todestag: Sieht aus wie: 23 Childs: Ella Ghule: Kl\u00fcngl: Beschreibung: Geburtstag: Gr\u00f6\u00dfe: 1,65 Gewicht: 55 Statur: schlank Haarfarbe: br\u00fcnett Augenfarbe: braun Hautfarbe: wei\u00df Nationalit\u00e4t: USA Hauptwohnsitz: San Diego, Kalifornien<\/p>\n","protected":false},"author":2,"featured_media":474,"parent":214,"menu_order":0,"comment_status":"closed","ping_status":"closed","template":"","meta":{"footnotes":""},"_links":{"self":[{"href":"https:\/\/acinu.net\/index.php?rest_route=\/wp\/v2\/pages\/250"}],"collection":[{"href":"https:\/\/acinu.net\/index.php?rest_route=\/wp\/v2\/pages"}],"about":[{"href":"https:\/\/acinu.net\/index.php?rest_route=\/wp\/v2\/types\/page"}],"author":[{"embeddable":true,"href":"https:\/\/acinu.net\/index.php?rest_route=\/wp\/v2\/users\/2"}],"replies":[{"embeddable":true,"href":"https:\/\/acinu.net\/index.php?rest_route=%2Fwp%2Fv2%2Fcomments&post=250"}],"version-history":[{"count":3,"href":"https:\/\/acinu.net\/index.php?rest_route=\/wp\/v2\/pages\/250\/revisions"}],"predecessor-version":[{"id":475,"href":"https:\/\/acinu.net\/index.php?rest_route=\/wp\/v2\/pages\/250\/revisions\/475"}],"up":[{"embeddable":true,"href":"https:\/\/acinu.net\/index.php?rest_route=\/wp\/v2\/pages\/214"}],"wp:featuredmedia":[{"embeddable":true,"href":"https:\/\/acinu.net\/index.php?rest_route=\/wp\/v2\/media\/474"}],"wp:attachment":[{"href":"https:\/\/acinu.net\/index.php?rest_route=%2Fwp%2Fv2%2Fmedia&parent=250"}],"curies":[{"name":"wp","href":"https:\/\/api.w.org\/{rel}","templated":true}]}}