{"id":254,"date":"2016-04-16T21:37:37","date_gmt":"2016-04-16T20:37:37","guid":{"rendered":"http:\/\/acinu.net\/?page_id=254"},"modified":"2017-03-09T19:40:16","modified_gmt":"2017-03-09T18:40:16","slug":"ella","status":"publish","type":"page","link":"https:\/\/acinu.net\/?page_id=254","title":{"rendered":"Ella o&#8217;Shaughnessy"},"content":{"rendered":"<p>Sekte: Camarilla<br \/>\nClan: Brujah<br \/>\nGeneration: 13<br \/>\nSire: <a href=\"http:\/\/acinu.net\/?page_id=250\">Cody Thompson<\/a><br \/>\nTodestag: 15.8.2014<br \/>\nSieht aus wie: 28<br \/>\nChilds:<br \/>\nGhule:<br \/>\nKl\u00fcngl:<br \/>\n<br \/>\n<\/p>\n<p><strong><span style=\"text-decoration: underline;\">Beschreibung:<\/span><\/strong><br \/>\nGeburtstag: 22.9.1986<br \/>\nGr\u00f6\u00dfe: 1,72 cm<br \/>\nGewicht: 61 kg<br \/>\nStatur: drahtig<br \/>\nHaarfarbe: Dunkelbraun<br \/>\nAugenfarbe:&nbsp;Dunkelbraun<br \/>\nHautfarbe: Wei\u00df<br \/>\nNationalit\u00e4t: USA<br \/>\nHauptwohnsitz: San Diego, Kalifornien<\/p>\n\n<p><br \/>\n<\/p>\n","protected":false},"excerpt":{"rendered":"<p>Sekte: Camarilla Clan: Brujah Generation: 13 Sire: Cody Thompson Todestag: 15.8.2014 Sieht aus wie: 28 Childs: Ghule: Kl\u00fcngl: Beschreibung: Geburtstag: 22.9.1986 Gr\u00f6\u00dfe: 1,72 cm Gewicht: 61 kg Statur: drahtig Haarfarbe: Dunkelbraun Augenfarbe:&nbsp;Dunkelbraun Hautfarbe: Wei\u00df Nationalit\u00e4t: USA Hauptwohnsitz: San Diego, Kalifornien<\/p>\n","protected":false},"author":2,"featured_media":366,"parent":125,"menu_order":0,"comment_status":"closed","ping_status":"closed","template":"","meta":{"footnotes":""},"_links":{"self":[{"href":"https:\/\/acinu.net\/index.php?rest_route=\/wp\/v2\/pages\/254"}],"collection":[{"href":"https:\/\/acinu.net\/index.php?rest_route=\/wp\/v2\/pages"}],"about":[{"href":"https:\/\/acinu.net\/index.php?rest_route=\/wp\/v2\/types\/page"}],"author":[{"embeddable":true,"href":"https:\/\/acinu.net\/index.php?rest_route=\/wp\/v2\/users\/2"}],"replies":[{"embeddable":true,"href":"https:\/\/acinu.net\/index.php?rest_route=%2Fwp%2Fv2%2Fcomments&post=254"}],"version-history":[{"count":6,"href":"https:\/\/acinu.net\/index.php?rest_route=\/wp\/v2\/pages\/254\/revisions"}],"predecessor-version":[{"id":443,"href":"https:\/\/acinu.net\/index.php?rest_route=\/wp\/v2\/pages\/254\/revisions\/443"}],"up":[{"embeddable":true,"href":"https:\/\/acinu.net\/index.php?rest_route=\/wp\/v2\/pages\/125"}],"wp:featuredmedia":[{"embeddable":true,"href":"https:\/\/acinu.net\/index.php?rest_route=\/wp\/v2\/media\/366"}],"wp:attachment":[{"href":"https:\/\/acinu.net\/index.php?rest_route=%2Fwp%2Fv2%2Fmedia&parent=254"}],"curies":[{"name":"wp","href":"https:\/\/api.w.org\/{rel}","templated":true}]}}