{"id":256,"date":"2016-04-16T21:39:33","date_gmt":"2016-04-16T20:39:33","guid":{"rendered":"http:\/\/acinu.net\/?page_id=256"},"modified":"2016-06-28T13:44:07","modified_gmt":"2016-06-28T12:44:07","slug":"rosalie-cullen","status":"publish","type":"page","link":"https:\/\/acinu.net\/?page_id=256","title":{"rendered":"Rosalie Cullen"},"content":{"rendered":"<p>Sekte: Camarilla<br \/>\nClan: Gangrel<br \/>\nGeneration: 13<br \/>\nSire: <a href=\"http:\/\/acinu.net\/?page_id=179\">Jacob Russ<\/a><br \/>\nTodestag:<br \/>\nSieht aus wie:<br \/>\nChilds:<br \/>\nGhule:<br \/>\nKl\u00fcngl:<br \/>\n<br \/>\n<\/p>\n<p><strong>Beschreibung<\/strong><br \/>\nSpitzname: Chiwawa<br \/>\nGeburtstag:<br \/>\nGr\u00f6\u00dfe:<br \/>\nGewicht:<br \/>\nStatur:<br \/>\nHaarfarbe: Blond<br \/>\nAugenfarbe:<br \/>\nHautfarbe: wei\u00df<br \/>\nNationalit\u00e4t: USA<br \/>\nHauptwohnsitz: San Diego, Kalifornien<\/p>\n","protected":false},"excerpt":{"rendered":"<p>Sekte: Camarilla Clan: Gangrel Generation: 13 Sire: Jacob Russ Todestag: Sieht aus wie: Childs: Ghule: Kl\u00fcngl: Beschreibung Spitzname: Chiwawa Geburtstag: Gr\u00f6\u00dfe: Gewicht: Statur: Haarfarbe: Blond Augenfarbe: Hautfarbe: wei\u00df Nationalit\u00e4t: USA Hauptwohnsitz: San Diego, Kalifornien<\/p>\n","protected":false},"author":2,"featured_media":0,"parent":8,"menu_order":0,"comment_status":"closed","ping_status":"closed","template":"","meta":{"footnotes":""},"_links":{"self":[{"href":"https:\/\/acinu.net\/index.php?rest_route=\/wp\/v2\/pages\/256"}],"collection":[{"href":"https:\/\/acinu.net\/index.php?rest_route=\/wp\/v2\/pages"}],"about":[{"href":"https:\/\/acinu.net\/index.php?rest_route=\/wp\/v2\/types\/page"}],"author":[{"embeddable":true,"href":"https:\/\/acinu.net\/index.php?rest_route=\/wp\/v2\/users\/2"}],"replies":[{"embeddable":true,"href":"https:\/\/acinu.net\/index.php?rest_route=%2Fwp%2Fv2%2Fcomments&post=256"}],"version-history":[{"count":3,"href":"https:\/\/acinu.net\/index.php?rest_route=\/wp\/v2\/pages\/256\/revisions"}],"predecessor-version":[{"id":319,"href":"https:\/\/acinu.net\/index.php?rest_route=\/wp\/v2\/pages\/256\/revisions\/319"}],"up":[{"embeddable":true,"href":"https:\/\/acinu.net\/index.php?rest_route=\/wp\/v2\/pages\/8"}],"wp:attachment":[{"href":"https:\/\/acinu.net\/index.php?rest_route=%2Fwp%2Fv2%2Fmedia&parent=256"}],"curies":[{"name":"wp","href":"https:\/\/api.w.org\/{rel}","templated":true}]}}