{"id":268,"date":"2016-04-27T18:15:55","date_gmt":"2016-04-27T17:15:55","guid":{"rendered":"http:\/\/acinu.net\/?page_id=268"},"modified":"2016-08-21T21:56:29","modified_gmt":"2016-08-21T20:56:29","slug":"madame-alia","status":"publish","type":"page","link":"https:\/\/acinu.net\/?page_id=268","title":{"rendered":"Madame Alia"},"content":{"rendered":"<p>Sekte: Camarilla<br \/>\nClan: T\u00f6chter der Kakophonie<br \/>\nGeneration:<br \/>\nSire:<br \/>\nTodestag:<br \/>\nSieht aus wie: Ende zwanzig<br \/>\nChilds:<br \/>\nGhule:<br \/>\nKl\u00fcngl:<br \/>\n<br \/>\n<\/p>\n<p><strong><span style=\"text-decoration: underline;\">Beschreibung:<\/span><\/strong><br \/>\nGeburtstag:<br \/>\nGr\u00f6\u00dfe: 1,72 cm<br \/>\nGewicht: 58 kg<br \/>\nStatur: Schlank<br \/>\nHaarfarbe: Schwarz<br \/>\nAugenfarbe:\u00a0Dunkelbraun<br \/>\nHautfarbe: Schwarz<br \/>\nNationalit\u00e4t: USA<br \/>\nHauptwohnsitz:<\/p>\n\n<p><br \/>\n<\/p>\n","protected":false},"excerpt":{"rendered":"<p>Sekte: Camarilla Clan: T\u00f6chter der Kakophonie Generation: Sire: Todestag: Sieht aus wie: Ende zwanzig Childs: Ghule: Kl\u00fcngl: Beschreibung: Geburtstag: Gr\u00f6\u00dfe: 1,72 cm Gewicht: 58 kg Statur: Schlank Haarfarbe: Schwarz Augenfarbe:\u00a0Dunkelbraun Hautfarbe: Schwarz Nationalit\u00e4t: USA Hauptwohnsitz:<\/p>\n","protected":false},"author":2,"featured_media":350,"parent":189,"menu_order":0,"comment_status":"closed","ping_status":"closed","template":"","meta":{"footnotes":""},"_links":{"self":[{"href":"https:\/\/acinu.net\/index.php?rest_route=\/wp\/v2\/pages\/268"}],"collection":[{"href":"https:\/\/acinu.net\/index.php?rest_route=\/wp\/v2\/pages"}],"about":[{"href":"https:\/\/acinu.net\/index.php?rest_route=\/wp\/v2\/types\/page"}],"author":[{"embeddable":true,"href":"https:\/\/acinu.net\/index.php?rest_route=\/wp\/v2\/users\/2"}],"replies":[{"embeddable":true,"href":"https:\/\/acinu.net\/index.php?rest_route=%2Fwp%2Fv2%2Fcomments&post=268"}],"version-history":[{"count":3,"href":"https:\/\/acinu.net\/index.php?rest_route=\/wp\/v2\/pages\/268\/revisions"}],"predecessor-version":[{"id":352,"href":"https:\/\/acinu.net\/index.php?rest_route=\/wp\/v2\/pages\/268\/revisions\/352"}],"up":[{"embeddable":true,"href":"https:\/\/acinu.net\/index.php?rest_route=\/wp\/v2\/pages\/189"}],"wp:featuredmedia":[{"embeddable":true,"href":"https:\/\/acinu.net\/index.php?rest_route=\/wp\/v2\/media\/350"}],"wp:attachment":[{"href":"https:\/\/acinu.net\/index.php?rest_route=%2Fwp%2Fv2%2Fmedia&parent=268"}],"curies":[{"name":"wp","href":"https:\/\/api.w.org\/{rel}","templated":true}]}}