{"id":340,"date":"2016-08-08T09:20:10","date_gmt":"2016-08-08T08:20:10","guid":{"rendered":"http:\/\/acinu.net\/?page_id=340"},"modified":"2018-01-18T00:44:29","modified_gmt":"2018-01-17T23:44:29","slug":"zahra-brown","status":"publish","type":"page","link":"https:\/\/acinu.net\/?page_id=340","title":{"rendered":"Zahra Brown"},"content":{"rendered":"<p>Sekte: Camarilla<br \/>\nClan:<br \/>\nGeneration: 13<br \/>\nSire:<br \/>\nTodestag:<br \/>\nSieht aus wie:<br \/>\nChilds:<br \/>\nGhule:<br \/>\nKl\u00fcngl:<br \/>\n<br \/>\n<\/p>\n<p><strong><span style=\"text-decoration: underline;\">Beschreibung:<\/span><\/strong><br \/>\nGeburtstag:<br \/>\nGr\u00f6\u00dfe:<br \/>\nGewicht:<br \/>\nStatur:<br \/>\nHaarfarbe:<br \/>\nAugenfarbe:<br \/>\nHautfarbe:<br \/>\nNationalit\u00e4t:<br \/>\nHauptwohnsitz:<br \/>\nZitat:<\/p>\n<p><span style=\"text-decoration: underline;\"><strong>Charakterbeschreibung:<\/strong><\/span><\/p>\n","protected":false},"excerpt":{"rendered":"<p>Sekte: Camarilla Clan: Generation: 13 Sire: Todestag: Sieht aus wie: Childs: Ghule: Kl\u00fcngl: Beschreibung: Geburtstag: Gr\u00f6\u00dfe: Gewicht: Statur: Haarfarbe: Augenfarbe: Hautfarbe: Nationalit\u00e4t: Hauptwohnsitz: Zitat: Charakterbeschreibung:<\/p>\n","protected":false},"author":4,"featured_media":479,"parent":8,"menu_order":0,"comment_status":"closed","ping_status":"closed","template":"","meta":{"footnotes":""},"_links":{"self":[{"href":"https:\/\/acinu.net\/index.php?rest_route=\/wp\/v2\/pages\/340"}],"collection":[{"href":"https:\/\/acinu.net\/index.php?rest_route=\/wp\/v2\/pages"}],"about":[{"href":"https:\/\/acinu.net\/index.php?rest_route=\/wp\/v2\/types\/page"}],"author":[{"embeddable":true,"href":"https:\/\/acinu.net\/index.php?rest_route=\/wp\/v2\/users\/4"}],"replies":[{"embeddable":true,"href":"https:\/\/acinu.net\/index.php?rest_route=%2Fwp%2Fv2%2Fcomments&post=340"}],"version-history":[{"count":2,"href":"https:\/\/acinu.net\/index.php?rest_route=\/wp\/v2\/pages\/340\/revisions"}],"predecessor-version":[{"id":480,"href":"https:\/\/acinu.net\/index.php?rest_route=\/wp\/v2\/pages\/340\/revisions\/480"}],"up":[{"embeddable":true,"href":"https:\/\/acinu.net\/index.php?rest_route=\/wp\/v2\/pages\/8"}],"wp:featuredmedia":[{"embeddable":true,"href":"https:\/\/acinu.net\/index.php?rest_route=\/wp\/v2\/media\/479"}],"wp:attachment":[{"href":"https:\/\/acinu.net\/index.php?rest_route=%2Fwp%2Fv2%2Fmedia&parent=340"}],"curies":[{"name":"wp","href":"https:\/\/api.w.org\/{rel}","templated":true}]}}