{"id":417,"date":"2017-01-26T19:07:43","date_gmt":"2017-01-26T18:07:43","guid":{"rendered":"http:\/\/acinu.net\/?page_id=417"},"modified":"2017-02-12T00:58:24","modified_gmt":"2017-02-11T23:58:24","slug":"gentle-claw","status":"publish","type":"page","link":"https:\/\/acinu.net\/?page_id=417","title":{"rendered":"Gentle Claw"},"content":{"rendered":"<p>Sekte: Camarilla<br \/>\nClan: Gangrel<br \/>\nGeneration:<br \/>\nSire:<br \/>\nTodestag:<br \/>\nSieht aus wie: Ende zwanzig<br \/>\nChilds:<br \/>\nGhule: Little Feather (ein grauer Virginia Uhu), Moondancer (Wolf), Stormcloud (Wolf)<br \/>\nKl\u00fcngl:<br \/>\n<br \/>\n<\/p>\n<p><strong><span style=\"text-decoration: underline;\">Beschreibung:<\/span><\/strong><br \/>\nGeburtstag:<br \/>\nGr\u00f6\u00dfe: 1,69<br \/>\nGewicht:&nbsp;63<br \/>\nStatur: schlank<br \/>\nHaarfarbe: braun-schwarz<br \/>\nAugenfarbe: braun<br \/>\nHautfarbe: indianisch<br \/>\nNationalit\u00e4t:<br \/>\nHauptwohnsitz:<\/p>\n<p>Zitat: knurrrr<\/p>\n\n<p><br \/>\n<\/p>\n","protected":false},"excerpt":{"rendered":"<p>Sekte: Camarilla Clan: Gangrel Generation: Sire: Todestag: Sieht aus wie: Ende zwanzig Childs: Ghule: Little Feather (ein grauer Virginia Uhu), Moondancer (Wolf), Stormcloud (Wolf) Kl\u00fcngl: Beschreibung: Geburtstag: Gr\u00f6\u00dfe: 1,69 Gewicht:&nbsp;63 Statur: schlank Haarfarbe: braun-schwarz Augenfarbe: braun Hautfarbe: indianisch Nationalit\u00e4t: Hauptwohnsitz: Zitat: knurrrr<\/p>\n","protected":false},"author":2,"featured_media":432,"parent":189,"menu_order":0,"comment_status":"closed","ping_status":"closed","template":"","meta":{"footnotes":""},"_links":{"self":[{"href":"https:\/\/acinu.net\/index.php?rest_route=\/wp\/v2\/pages\/417"}],"collection":[{"href":"https:\/\/acinu.net\/index.php?rest_route=\/wp\/v2\/pages"}],"about":[{"href":"https:\/\/acinu.net\/index.php?rest_route=\/wp\/v2\/types\/page"}],"author":[{"embeddable":true,"href":"https:\/\/acinu.net\/index.php?rest_route=\/wp\/v2\/users\/2"}],"replies":[{"embeddable":true,"href":"https:\/\/acinu.net\/index.php?rest_route=%2Fwp%2Fv2%2Fcomments&post=417"}],"version-history":[{"count":5,"href":"https:\/\/acinu.net\/index.php?rest_route=\/wp\/v2\/pages\/417\/revisions"}],"predecessor-version":[{"id":434,"href":"https:\/\/acinu.net\/index.php?rest_route=\/wp\/v2\/pages\/417\/revisions\/434"}],"up":[{"embeddable":true,"href":"https:\/\/acinu.net\/index.php?rest_route=\/wp\/v2\/pages\/189"}],"wp:featuredmedia":[{"embeddable":true,"href":"https:\/\/acinu.net\/index.php?rest_route=\/wp\/v2\/media\/432"}],"wp:attachment":[{"href":"https:\/\/acinu.net\/index.php?rest_route=%2Fwp%2Fv2%2Fmedia&parent=417"}],"curies":[{"name":"wp","href":"https:\/\/api.w.org\/{rel}","templated":true}]}}