{"id":421,"date":"2017-01-26T19:10:25","date_gmt":"2017-01-26T18:10:25","guid":{"rendered":"http:\/\/acinu.net\/?page_id=421"},"modified":"2017-01-26T19:54:44","modified_gmt":"2017-01-26T18:54:44","slug":"gypsy","status":"publish","type":"page","link":"https:\/\/acinu.net\/?page_id=421","title":{"rendered":"Gypsy"},"content":{"rendered":"<p>Sekte: Camarilla<br \/>\nClan: Gangrel<br \/>\nGeneration:<br \/>\nSire:&nbsp;<br \/>\nTodestag:<br \/>\nSieht aus wie:<br \/>\nChilds:&nbsp;<br \/>\nGhule: Sweet Silence (schwarzer Jaguar)<br \/>\nKl\u00fcngl:<br \/>\n<br \/>\n<\/p>\n<p><strong><span style=\"text-decoration: underline;\">Beschreibung:<\/span><\/strong><br \/>\nGeburtstag:<br \/>\nGr\u00f6\u00dfe:<br \/>\nGewicht:<br \/>\nStatur:<br \/>\nHaarfarbe:<br \/>\nAugenfarbe:<br \/>\nHautfarbe:<br \/>\nNationalit\u00e4t:<br \/>\nHauptwohnsitz:<\/p>\n<p>Zitat:<\/p>\n\n<p><br \/>\n<\/p>\n","protected":false},"excerpt":{"rendered":"<p>Sekte: Camarilla Clan: Gangrel Generation: Sire:&nbsp; Todestag: Sieht aus wie: Childs:&nbsp; Ghule: Sweet Silence (schwarzer Jaguar) Kl\u00fcngl: Beschreibung: Geburtstag: Gr\u00f6\u00dfe: Gewicht: Statur: Haarfarbe: Augenfarbe: Hautfarbe: Nationalit\u00e4t: Hauptwohnsitz: Zitat:<\/p>\n","protected":false},"author":2,"featured_media":0,"parent":8,"menu_order":0,"comment_status":"closed","ping_status":"closed","template":"","meta":{"footnotes":""},"_links":{"self":[{"href":"https:\/\/acinu.net\/index.php?rest_route=\/wp\/v2\/pages\/421"}],"collection":[{"href":"https:\/\/acinu.net\/index.php?rest_route=\/wp\/v2\/pages"}],"about":[{"href":"https:\/\/acinu.net\/index.php?rest_route=\/wp\/v2\/types\/page"}],"author":[{"embeddable":true,"href":"https:\/\/acinu.net\/index.php?rest_route=\/wp\/v2\/users\/2"}],"replies":[{"embeddable":true,"href":"https:\/\/acinu.net\/index.php?rest_route=%2Fwp%2Fv2%2Fcomments&post=421"}],"version-history":[{"count":3,"href":"https:\/\/acinu.net\/index.php?rest_route=\/wp\/v2\/pages\/421\/revisions"}],"predecessor-version":[{"id":426,"href":"https:\/\/acinu.net\/index.php?rest_route=\/wp\/v2\/pages\/421\/revisions\/426"}],"up":[{"embeddable":true,"href":"https:\/\/acinu.net\/index.php?rest_route=\/wp\/v2\/pages\/8"}],"wp:attachment":[{"href":"https:\/\/acinu.net\/index.php?rest_route=%2Fwp%2Fv2%2Fmedia&parent=421"}],"curies":[{"name":"wp","href":"https:\/\/api.w.org\/{rel}","templated":true}]}}