{"id":490,"date":"2018-07-05T08:16:24","date_gmt":"2018-07-05T07:16:24","guid":{"rendered":"http:\/\/acinu.net\/?page_id=490"},"modified":"2018-08-01T09:48:03","modified_gmt":"2018-08-01T08:48:03","slug":"anthony-malone","status":"publish","type":"page","link":"https:\/\/acinu.net\/?page_id=490","title":{"rendered":"Anthony Malone"},"content":{"rendered":"<p>Sekte:<br \/>\nClan:<br \/>\nGeneration: 13<br \/>\nSire: <a href=\"http:\/\/acinu.net\/?page_id=505\">Farren Karela<\/a><br \/>\nTodestag:<br \/>\nSieht aus wie: Ende Zwanzig<br \/>\nChilds:&nbsp;<br \/>\nGhule:<br \/>\nKl\u00fcngl:<br \/>\n<br \/>\n<\/p>\n<p><strong><span style=\"text-decoration: underline;\">Beschreibung:<\/span><\/strong><br \/>\nGeburtstag:<br \/>\nGr\u00f6\u00dfe: 1,82<br \/>\nGewicht:<br \/>\nStatur: durchtrainiert<br \/>\nHaarfarbe: schwarz<br \/>\nAugenfarbe: braun<br \/>\nHautfarbe: wei\u00df<br \/>\nNationalit\u00e4t:<br \/>\nHauptwohnsitz: Amerika<\/p>\n<p>Zitat:<\/p>\n\n<p><br \/>\n<\/p>\n","protected":false},"excerpt":{"rendered":"<p>Sekte: Clan: Generation: 13 Sire: Farren Karela Todestag: Sieht aus wie: Ende Zwanzig Childs:&nbsp; Ghule: Kl\u00fcngl: Beschreibung: Geburtstag: Gr\u00f6\u00dfe: 1,82 Gewicht: Statur: durchtrainiert Haarfarbe: schwarz Augenfarbe: braun Hautfarbe: wei\u00df Nationalit\u00e4t: Hauptwohnsitz: Amerika Zitat:<\/p>\n","protected":false},"author":2,"featured_media":0,"parent":8,"menu_order":0,"comment_status":"closed","ping_status":"closed","template":"","meta":{"footnotes":""},"_links":{"self":[{"href":"https:\/\/acinu.net\/index.php?rest_route=\/wp\/v2\/pages\/490"}],"collection":[{"href":"https:\/\/acinu.net\/index.php?rest_route=\/wp\/v2\/pages"}],"about":[{"href":"https:\/\/acinu.net\/index.php?rest_route=\/wp\/v2\/types\/page"}],"author":[{"embeddable":true,"href":"https:\/\/acinu.net\/index.php?rest_route=\/wp\/v2\/users\/2"}],"replies":[{"embeddable":true,"href":"https:\/\/acinu.net\/index.php?rest_route=%2Fwp%2Fv2%2Fcomments&post=490"}],"version-history":[{"count":3,"href":"https:\/\/acinu.net\/index.php?rest_route=\/wp\/v2\/pages\/490\/revisions"}],"predecessor-version":[{"id":507,"href":"https:\/\/acinu.net\/index.php?rest_route=\/wp\/v2\/pages\/490\/revisions\/507"}],"up":[{"embeddable":true,"href":"https:\/\/acinu.net\/index.php?rest_route=\/wp\/v2\/pages\/8"}],"wp:attachment":[{"href":"https:\/\/acinu.net\/index.php?rest_route=%2Fwp%2Fv2%2Fmedia&parent=490"}],"curies":[{"name":"wp","href":"https:\/\/api.w.org\/{rel}","templated":true}]}}