{"id":496,"date":"2018-07-28T14:56:50","date_gmt":"2018-07-28T13:56:50","guid":{"rendered":"http:\/\/acinu.net\/?page_id=496"},"modified":"2019-09-01T13:11:08","modified_gmt":"2019-09-01T12:11:08","slug":"jolene-joey-shark","status":"publish","type":"page","link":"https:\/\/acinu.net\/?page_id=496","title":{"rendered":"Jolene &#8222;Joey&#8220; Shark"},"content":{"rendered":"<p>Sekte: Camarilla<br \/>\nClan: Brujah<br \/>\nGeneration: 13<br \/>\nSire: <a href=\"http:\/\/acinu.net\/?page_id=494\">Johanna Owen<\/a><br \/>\nTodestag:<br \/>\nSieht aus wie: Ende zwanzig<br \/>\nChilds:&nbsp;<br \/>\nGhule:<br \/>\nKl\u00fcngl:<br \/>\n<br \/>\n<\/p>\n<p><strong><span style=\"text-decoration: underline;\">Beschreibung:<\/span><\/strong><br \/>\nGeburtstag:<br \/>\nGr\u00f6\u00dfe: 1,68 m<br \/>\nGewicht: 59 kg<br \/>\nStatur: drahtig<br \/>\nHaarfarbe: blond<br \/>\nAugenfarbe: braun<br \/>\nHautfarbe: wei\u00df<br \/>\nNationalit\u00e4t: Austria<br \/>\nHauptwohnsitz: San Diego<\/p>\n<p>Zitat:<\/p>\n\n<p><br \/>\n<span style=\"text-decoration: underline;\">Weitere Beschreibung:<br \/>\n<\/span>Besitzerin des &#8222;No Kangoroos&#8220; eines bekannten Vampire\/ Biker Treffpunktes etwas au\u00dferhalb San Diegos.<\/p>\n","protected":false},"excerpt":{"rendered":"<p>Sekte: Camarilla Clan: Brujah Generation: 13 Sire: Johanna Owen Todestag: Sieht aus wie: Ende zwanzig Childs:&nbsp; Ghule: Kl\u00fcngl: Beschreibung: Geburtstag: Gr\u00f6\u00dfe: 1,68 m Gewicht: 59 kg Statur: drahtig Haarfarbe: blond Augenfarbe: braun Hautfarbe: wei\u00df Nationalit\u00e4t: Austria Hauptwohnsitz: San Diego Zitat: Weitere Beschreibung: Besitzerin des &#8222;No Kangoroos&#8220; eines bekannten Vampire\/ Biker Treffpunktes etwas au\u00dferhalb San Diegos.<\/p>\n","protected":false},"author":2,"featured_media":509,"parent":8,"menu_order":0,"comment_status":"closed","ping_status":"closed","template":"","meta":{"footnotes":""},"_links":{"self":[{"href":"https:\/\/acinu.net\/index.php?rest_route=\/wp\/v2\/pages\/496"}],"collection":[{"href":"https:\/\/acinu.net\/index.php?rest_route=\/wp\/v2\/pages"}],"about":[{"href":"https:\/\/acinu.net\/index.php?rest_route=\/wp\/v2\/types\/page"}],"author":[{"embeddable":true,"href":"https:\/\/acinu.net\/index.php?rest_route=\/wp\/v2\/users\/2"}],"replies":[{"embeddable":true,"href":"https:\/\/acinu.net\/index.php?rest_route=%2Fwp%2Fv2%2Fcomments&post=496"}],"version-history":[{"count":4,"href":"https:\/\/acinu.net\/index.php?rest_route=\/wp\/v2\/pages\/496\/revisions"}],"predecessor-version":[{"id":504,"href":"https:\/\/acinu.net\/index.php?rest_route=\/wp\/v2\/pages\/496\/revisions\/504"}],"up":[{"embeddable":true,"href":"https:\/\/acinu.net\/index.php?rest_route=\/wp\/v2\/pages\/8"}],"wp:featuredmedia":[{"embeddable":true,"href":"https:\/\/acinu.net\/index.php?rest_route=\/wp\/v2\/media\/509"}],"wp:attachment":[{"href":"https:\/\/acinu.net\/index.php?rest_route=%2Fwp%2Fv2%2Fmedia&parent=496"}],"curies":[{"name":"wp","href":"https:\/\/api.w.org\/{rel}","templated":true}]}}