{"id":502,"date":"2018-07-28T15:02:15","date_gmt":"2018-07-28T14:02:15","guid":{"rendered":"http:\/\/acinu.net\/?page_id=502"},"modified":"2018-07-28T15:02:15","modified_gmt":"2018-07-28T14:02:15","slug":"antonio-barott","status":"publish","type":"page","link":"https:\/\/acinu.net\/?page_id=502","title":{"rendered":"Antonio Barott"},"content":{"rendered":"<p>Sekte: Camarilla<br \/>\nClan: Brujah<br \/>\nGeneration:<br \/>\nSire: Mitte drei\u00dfg<br \/>\nTodestag:<br \/>\nSieht aus wie:<br \/>\nChilds:&nbsp;<br \/>\nGhule:<br \/>\nKl\u00fcngl:<br \/>\n<br \/>\n<\/p>\n<p><strong><span style=\"text-decoration: underline;\">Beschreibung:<\/span><\/strong><br \/>\nGeburtstag:<br \/>\nGr\u00f6\u00dfe:<br \/>\nGewicht:<br \/>\nStatur: massig<br \/>\nHaarfarbe: wei\u00df<br \/>\nAugenfarbe: braun<br \/>\nHautfarbe: schwarz<br \/>\nNationalit\u00e4t: USA<br \/>\nHauptwohnsitz: San Diego<\/p>\n<p>Zitat:<\/p>\n\n<p><br \/>\n<\/p>\n","protected":false},"excerpt":{"rendered":"<p>Sekte: Camarilla Clan: Brujah Generation: Sire: Mitte drei\u00dfg Todestag: Sieht aus wie: Childs:&nbsp; Ghule: Kl\u00fcngl: Beschreibung: Geburtstag: Gr\u00f6\u00dfe: Gewicht: Statur: massig Haarfarbe: wei\u00df Augenfarbe: braun Hautfarbe: schwarz Nationalit\u00e4t: USA Hauptwohnsitz: San Diego Zitat:<\/p>\n","protected":false},"author":2,"featured_media":0,"parent":214,"menu_order":0,"comment_status":"closed","ping_status":"closed","template":"","meta":{"footnotes":""},"_links":{"self":[{"href":"https:\/\/acinu.net\/index.php?rest_route=\/wp\/v2\/pages\/502"}],"collection":[{"href":"https:\/\/acinu.net\/index.php?rest_route=\/wp\/v2\/pages"}],"about":[{"href":"https:\/\/acinu.net\/index.php?rest_route=\/wp\/v2\/types\/page"}],"author":[{"embeddable":true,"href":"https:\/\/acinu.net\/index.php?rest_route=\/wp\/v2\/users\/2"}],"replies":[{"embeddable":true,"href":"https:\/\/acinu.net\/index.php?rest_route=%2Fwp%2Fv2%2Fcomments&post=502"}],"version-history":[{"count":1,"href":"https:\/\/acinu.net\/index.php?rest_route=\/wp\/v2\/pages\/502\/revisions"}],"predecessor-version":[{"id":503,"href":"https:\/\/acinu.net\/index.php?rest_route=\/wp\/v2\/pages\/502\/revisions\/503"}],"up":[{"embeddable":true,"href":"https:\/\/acinu.net\/index.php?rest_route=\/wp\/v2\/pages\/214"}],"wp:attachment":[{"href":"https:\/\/acinu.net\/index.php?rest_route=%2Fwp%2Fv2%2Fmedia&parent=502"}],"curies":[{"name":"wp","href":"https:\/\/api.w.org\/{rel}","templated":true}]}}