{"id":505,"date":"2018-08-01T09:46:03","date_gmt":"2018-08-01T08:46:03","guid":{"rendered":"http:\/\/acinu.net\/?page_id=505"},"modified":"2018-08-01T09:47:07","modified_gmt":"2018-08-01T08:47:07","slug":"farren-karela","status":"publish","type":"page","link":"https:\/\/acinu.net\/?page_id=505","title":{"rendered":"Farren Karela"},"content":{"rendered":"<p>Sekte: &#8212;<br \/>\nClan:<br \/>\nGeneration: 12<br \/>\nSire:<br \/>\nTodestag:<br \/>\nSieht aus wie: Ende zwanzig<br \/>\nChilds: <a href=\"http:\/\/acinu.net\/?page_id=490\">Anthony Malone<\/a><br \/>\nGhule:<br \/>\nKl\u00fcngl:<br \/>\n<br \/>\n<\/p>\n<p><strong><span style=\"text-decoration: underline;\">Beschreibung:<\/span><\/strong><br \/>\nGeburtstag:<br \/>\nGr\u00f6\u00dfe: 1,69 m<br \/>\nGewicht:<br \/>\nStatur: schlank<br \/>\nHaarfarbe: schwarz<br \/>\nAugenfarbe: braun<br \/>\nHautfarbe: wei\u00df<br \/>\nNationalit\u00e4t: USA<br \/>\nHauptwohnsitz:<\/p>\n<p>Zitat:<\/p>\n\n<p><br \/>\n<\/p>\n","protected":false},"excerpt":{"rendered":"<p>Sekte: &#8212; Clan: Generation: 12 Sire: Todestag: Sieht aus wie: Ende zwanzig Childs: Anthony Malone Ghule: Kl\u00fcngl: Beschreibung: Geburtstag: Gr\u00f6\u00dfe: 1,69 m Gewicht: Statur: schlank Haarfarbe: schwarz Augenfarbe: braun Hautfarbe: wei\u00df Nationalit\u00e4t: USA Hauptwohnsitz: Zitat:<\/p>\n","protected":false},"author":2,"featured_media":0,"parent":6,"menu_order":0,"comment_status":"closed","ping_status":"closed","template":"","meta":{"footnotes":""},"_links":{"self":[{"href":"https:\/\/acinu.net\/index.php?rest_route=\/wp\/v2\/pages\/505"}],"collection":[{"href":"https:\/\/acinu.net\/index.php?rest_route=\/wp\/v2\/pages"}],"about":[{"href":"https:\/\/acinu.net\/index.php?rest_route=\/wp\/v2\/types\/page"}],"author":[{"embeddable":true,"href":"https:\/\/acinu.net\/index.php?rest_route=\/wp\/v2\/users\/2"}],"replies":[{"embeddable":true,"href":"https:\/\/acinu.net\/index.php?rest_route=%2Fwp%2Fv2%2Fcomments&post=505"}],"version-history":[{"count":1,"href":"https:\/\/acinu.net\/index.php?rest_route=\/wp\/v2\/pages\/505\/revisions"}],"predecessor-version":[{"id":506,"href":"https:\/\/acinu.net\/index.php?rest_route=\/wp\/v2\/pages\/505\/revisions\/506"}],"up":[{"embeddable":true,"href":"https:\/\/acinu.net\/index.php?rest_route=\/wp\/v2\/pages\/6"}],"wp:attachment":[{"href":"https:\/\/acinu.net\/index.php?rest_route=%2Fwp%2Fv2%2Fmedia&parent=505"}],"curies":[{"name":"wp","href":"https:\/\/api.w.org\/{rel}","templated":true}]}}